{"id":2385,"date":"2018-07-01T00:41:51","date_gmt":"2018-06-30T22:41:51","guid":{"rendered":"https:\/\/chalkboards.de\/?page_id=2385"},"modified":"2024-04-04T13:23:45","modified_gmt":"2024-04-04T11:23:45","slug":"mehr-ueber-chalkboards-de","status":"publish","type":"page","link":"https:\/\/chalkboards.de\/index.php\/mehr-ueber-chalkboards-de\/","title":{"rendered":"Mehr \u00fcber Chalkboards.de"},"content":{"rendered":"<div  style='padding-bottom:10px; ' class='av-special-heading av-special-heading-h2  blockquote modern-quote  avia-builder-el-0  el_before_av_hr  avia-builder-el-first  '><h2 class='av-special-heading-tag '  itemprop=\"headline\"  >WER IST CHALKBOARDS.DE?<\/h2><div class='special-heading-border'><div class='special-heading-inner-border' ><\/div><\/div><\/div>\n<div  style='height:50px' class='hr hr-invisible   avia-builder-el-1  el_after_av_heading  el_before_av_one_full '><span class='hr-inner ' ><span class='hr-inner-style'><\/span><\/span><\/div>\n<div class=\"flex_column av_one_full  flex_column_div av-zero-column-padding first  avia-builder-el-2  el_after_av_hr  el_before_av_hr  \" style='border-radius:0px; '><section class=\"av_textblock_section \"  itemscope=\"itemscope\" itemtype=\"https:\/\/schema.org\/CreativeWork\" ><div class='avia_textblock  '   itemprop=\"text\" ><p><span style=\"line-height: 2;\"><span style=\"font-size: 125%;\"><img loading=\"lazy\" decoding=\"async\" class=\"alignleft size-full wp-image-2570\" src=\"https:\/\/chalkboards.de\/wp-content\/uploads\/2018\/05\/Pfeil_web.png\" alt=\"\" width=\"111\" height=\"20\" \/><\/span><\/span><span style=\"line-height: 2;\"><span style=\"font-size: 125%;\">Hallo und herzlich willkommen bei Chalkboards.de! Ich bin Dagmar und zust\u00e4ndig f\u00fcr die ganzen Chalkboards und Designs, die ihr in meinem Shop findet. Schon seit 2015 entwerfe ich Retro Drucke und Karten im einzigartigen Chalkboard-Design.<\/span><\/span><\/p>\n<p><img loading=\"lazy\" decoding=\"async\" class=\"alignright wp-image-10169 size-medium\" style=\"font-size: 20px;\" src=\"https:\/\/chalkboards.de\/wp-content\/uploads\/2024\/04\/Chalkboads_D1-300x300.jpg\" alt=\"\" width=\"300\" height=\"300\" srcset=\"https:\/\/chalkboards.de\/wp-content\/uploads\/2024\/04\/Chalkboads_D1-300x300.jpg 300w, https:\/\/chalkboards.de\/wp-content\/uploads\/2024\/04\/Chalkboads_D1-80x80.jpg 80w, https:\/\/chalkboards.de\/wp-content\/uploads\/2024\/04\/Chalkboads_D1-36x36.jpg 36w, https:\/\/chalkboards.de\/wp-content\/uploads\/2024\/04\/Chalkboads_D1-180x180.jpg 180w, https:\/\/chalkboards.de\/wp-content\/uploads\/2024\/04\/Chalkboads_D1-120x120.jpg 120w, https:\/\/chalkboards.de\/wp-content\/uploads\/2024\/04\/Chalkboads_D1-450x450.jpg 450w, https:\/\/chalkboards.de\/wp-content\/uploads\/2024\/04\/Chalkboads_D1-100x100.jpg 100w, https:\/\/chalkboards.de\/wp-content\/uploads\/2024\/04\/Chalkboads_D1.jpg 565w\" sizes=\"(max-width: 300px) 100vw, 300px\" \/><\/p>\n<p><span style=\"line-height: 2;\"><span style=\"font-size: 125%;\">Meine Shop Geschichte startete mit einem fast komplett analogen Jahrgangsplakat f\u00fcr einen 60. Geburtstag. Damals noch <\/span><\/span><span style=\"line-height: 2;\"><span style=\"font-size: 125%;\">ausgeschnitten und auf einem gro\u00dfen Papierbogen aufgeklebt, habe ich mein Poster auf meinem Blog <\/span><a style=\"font-size: 125%;\" href=\"http:\/\/www.loveandlilies.de\/\">LoveAndLilies.de<\/a><span style=\"font-size: 125%;\"> vorgestellt. \u00dcberraschend war immer gr\u00f6\u00dfere Nachfrage da, so dass ich das Ganze digitalisiert und letztendlich im Jahr 2017 meinen eigenen Onlineshop Chalkboards.de er\u00f6ffnet habe. Mittlerweile sind bald 100 Jahrgangsposter, Meilensteintafeln, Einladungen im Retro Design und zahlreiche weitere Produkte f\u00fcr alle m\u00f6glichen Anl\u00e4sse hinzugekommen.<\/span><\/span><\/p>\n<p style=\"text-align: left; font-size: 125%; line-height: 2;\">Mein Herz schl\u00e4gt seit eh und je f\u00fcr grafisches Design und Retro-Motive und ich hatte schon immer ein ausgepr\u00e4gtes Faible f\u00fcr Buchstaben und Schriften. \u00dcber viele und teils unverhoffte Umwege bin ich jetzt genau da wo ich hinwollte. Ich k\u00fcmmere mich pers\u00f6nlich um die Ideenfindung, das Design neuer Produkte, die Druckaufbereitung, die Kundenkommunikation, die Pflege der Website und der Social Media Kan\u00e4le und alles was sonst noch dazu geh\u00f6rt. Das was ich tue, mache ich unheimlich gerne und mit viel Liebe und Herzblut.<\/p>\n<p style=\"text-align: left; font-size: 125%; line-height: 2;\">Privat bin ich ein Kaffeejunkie und ein gro\u00dfer Springsteen Fan seit meinem 14. Lebensjahr. In meiner Freizeit bin ich gerne mit meinen beiden Jungs in der Natur unterwegs. Ich mag den Herbst, das Meer und die Berge, Yoga und Kochen und es geht nichts \u00fcber eine gute Serie oder ein fesselndes Buch.<\/p>\n<p style=\"text-align: left; font-size: 125%; line-height: 2;\">Seit 2016 lebe ich am sch\u00f6nen Ammersee Westufer und genie\u00dfe die Vorz\u00fcge dieser tollen Gegend. Auch wenn mir das hektische Treiben von M\u00fcnchen manchmal noch abgeht, habe ich mich inzwischen ziemlich gut an das ruhige, entspannte Leben abseits der Gro\u00dfstadt gew\u00f6hnt.<\/p>\n<\/div><\/section><\/div><div  style='height:50px' class='hr hr-invisible   avia-builder-el-4  el_after_av_one_full  el_before_av_font_icon '><span class='hr-inner ' ><span class='hr-inner-style'><\/span><\/span><\/div><\/p>\n<span  class=\"av_font_icon avia_animate_when_visible avia-icon-animate  av-icon-style-  av-no-color avia-icon-pos-center \" style=\"\"><span class='av-icon-char' style='font-size:60px;line-height:60px;' aria-hidden='true' data-av_icon='\ue808' data-av_iconfont='entypo-fontello' ><\/span><\/span>\n<div  style='height:50px' class='hr hr-invisible   avia-builder-el-6  el_after_av_font_icon  el_before_av_image '><span class='hr-inner ' ><span class='hr-inner-style'><\/span><\/span><\/div>\n<div  class='avia-image-container  av-styling-    avia-builder-el-7  el_after_av_hr  avia-builder-el-last  avia-align-center '  itemprop=\"image\" itemscope=\"itemscope\" itemtype=\"https:\/\/schema.org\/ImageObject\"  ><div class='avia-image-container-inner'><div class='avia-image-overlay-wrap'><img decoding=\"async\" class='wp-image-9916 avia-img-lazy-loading-not-9916 avia_image' src=\"https:\/\/chalkboards.de\/wp-content\/uploads\/2023\/11\/Ammersee2.webp\" alt='Die\u00dfen am Ammersee Segelboote Abendstimmung Sonnenuntergang' title='Ammersee' height=\"1301\" width=\"2400\"  itemprop=\"thumbnailUrl\" srcset=\"https:\/\/chalkboards.de\/wp-content\/uploads\/2023\/11\/Ammersee2.webp 2400w, https:\/\/chalkboards.de\/wp-content\/uploads\/2023\/11\/Ammersee2-300x163.webp 300w, https:\/\/chalkboards.de\/wp-content\/uploads\/2023\/11\/Ammersee2-1030x558.webp 1030w, https:\/\/chalkboards.de\/wp-content\/uploads\/2023\/11\/Ammersee2-768x416.webp 768w, https:\/\/chalkboards.de\/wp-content\/uploads\/2023\/11\/Ammersee2-1536x833.webp 1536w, https:\/\/chalkboards.de\/wp-content\/uploads\/2023\/11\/Ammersee2-2048x1110.webp 2048w, https:\/\/chalkboards.de\/wp-content\/uploads\/2023\/11\/Ammersee2-1500x813.webp 1500w, https:\/\/chalkboards.de\/wp-content\/uploads\/2023\/11\/Ammersee2-705x382.webp 705w, https:\/\/chalkboards.de\/wp-content\/uploads\/2023\/11\/Ammersee2-450x244.webp 450w\" sizes=\"(max-width: 2400px) 100vw, 2400px\" \/><\/div><\/div><\/div>","protected":false},"excerpt":{"rendered":"","protected":false},"author":1,"featured_media":1048,"parent":0,"menu_order":0,"comment_status":"closed","ping_status":"closed","template":"","meta":{"_monsterinsights_skip_tracking":false,"_monsterinsights_sitenote_active":false,"_monsterinsights_sitenote_note":"","_monsterinsights_sitenote_category":0,"footnotes":""},"class_list":["post-2385","page","type-page","status-publish","has-post-thumbnail","hentry"],"_links":{"self":[{"href":"https:\/\/chalkboards.de\/index.php\/wp-json\/wp\/v2\/pages\/2385"}],"collection":[{"href":"https:\/\/chalkboards.de\/index.php\/wp-json\/wp\/v2\/pages"}],"about":[{"href":"https:\/\/chalkboards.de\/index.php\/wp-json\/wp\/v2\/types\/page"}],"author":[{"embeddable":true,"href":"https:\/\/chalkboards.de\/index.php\/wp-json\/wp\/v2\/users\/1"}],"replies":[{"embeddable":true,"href":"https:\/\/chalkboards.de\/index.php\/wp-json\/wp\/v2\/comments?post=2385"}],"version-history":[{"count":87,"href":"https:\/\/chalkboards.de\/index.php\/wp-json\/wp\/v2\/pages\/2385\/revisions"}],"predecessor-version":[{"id":10173,"href":"https:\/\/chalkboards.de\/index.php\/wp-json\/wp\/v2\/pages\/2385\/revisions\/10173"}],"wp:featuredmedia":[{"embeddable":true,"href":"https:\/\/chalkboards.de\/index.php\/wp-json\/wp\/v2\/media\/1048"}],"wp:attachment":[{"href":"https:\/\/chalkboards.de\/index.php\/wp-json\/wp\/v2\/media?parent=2385"}],"curies":[{"name":"wp","href":"https:\/\/api.w.org\/{rel}","templated":true}]}}