{"id":239,"date":"2017-07-24T23:41:14","date_gmt":"2017-07-24T21:41:14","guid":{"rendered":"http:\/\/172.16.0.6\/?page_id=239"},"modified":"2023-09-18T21:32:36","modified_gmt":"2023-09-18T19:32:36","slug":"kontakt","status":"publish","type":"page","link":"https:\/\/chalkboards.de\/index.php\/kontakt\/","title":{"rendered":"KONTAKT"},"content":{"rendered":"<div  style='padding-bottom:10px; ' class='av-special-heading av-special-heading-h4  blockquote modern-quote  avia-builder-el-0  el_before_av_hr  avia-builder-el-first  '><h4 class='av-special-heading-tag '  itemprop=\"headline\"  >KONTAKT<\/h4><div class='special-heading-border'><div class='special-heading-inner-border' ><\/div><\/div><\/div>\n<div  style='height:30px' class='hr hr-invisible   avia-builder-el-1  el_after_av_heading  el_before_av_three_fifth '><span class='hr-inner ' ><span class='hr-inner-style'><\/span><\/span><\/div>\n<div class=\"flex_column av_three_fifth  flex_column_div av-zero-column-padding first  avia-builder-el-2  el_after_av_hr  el_before_av_two_fifth  \" style='border-radius:0px; '><section class=\"av_textblock_section \"  itemscope=\"itemscope\" itemtype=\"https:\/\/schema.org\/CreativeWork\" ><div class='avia_textblock  '   itemprop=\"text\" ><p style=\"text-align: left; font-size: 115%; line-height: 2;\">Wenn Du zus\u00e4tzliche Fragen hast, die in unseren <a href=\"https:\/\/chalkboards.de\/index.php\/faq\/\">FAQ&#8217;s<\/a> nicht beantwortet werden konnten oder wenn Du eine individuelle Anfrage hast, kontaktiere mich jederzeit gerne. Ich freue mich auf Deine Nachricht.<\/p>\n<p>Bitte \u00fcberpr\u00fcfe unbedingt auch den Spam-Ordner &#8211; alle eingehenden Nachrichten werden stets zuverl\u00e4ssig und zeitnah beantwortet.<\/p>\n<\/div><\/section><br \/>\n<div  style='height:30px' class='hr hr-invisible   avia-builder-el-4  el_after_av_textblock  el_before_av_textblock '><span class='hr-inner ' ><span class='hr-inner-style'><\/span><\/span><\/div><br \/>\n<section class=\"av_textblock_section \"  itemscope=\"itemscope\" itemtype=\"https:\/\/schema.org\/CreativeWork\" ><div class='avia_textblock  '   itemprop=\"text\" ><p>\u00a0<\/p>\n\n<div class=\"wpcf7 no-js\" id=\"wpcf7-f241-o1\" lang=\"de-DE\" dir=\"ltr\" data-wpcf7-id=\"241\">\n<div class=\"screen-reader-response\"><p role=\"status\" aria-live=\"polite\" aria-atomic=\"true\"><\/p> <ul><\/ul><\/div>\n<form action=\"\/index.php\/wp-json\/wp\/v2\/pages\/239#wpcf7-f241-o1\" method=\"post\" class=\"wpcf7-form init\" aria-label=\"Kontaktformular\" novalidate=\"novalidate\" data-status=\"init\">\n<div style=\"display: none;\">\n<input type=\"hidden\" name=\"_wpcf7\" value=\"241\" \/>\n<input type=\"hidden\" name=\"_wpcf7_version\" value=\"6.0.3\" \/>\n<input type=\"hidden\" name=\"_wpcf7_locale\" value=\"de_DE\" \/>\n<input type=\"hidden\" name=\"_wpcf7_unit_tag\" value=\"wpcf7-f241-o1\" \/>\n<input type=\"hidden\" name=\"_wpcf7_container_post\" value=\"0\" \/>\n<input type=\"hidden\" name=\"_wpcf7_posted_data_hash\" value=\"\" \/>\n<\/div>\n<p><label> Dein Name (Pflichtfeld)<br \/>\n<span class=\"wpcf7-form-control-wrap\" data-name=\"your-name\"><input size=\"40\" maxlength=\"400\" class=\"wpcf7-form-control wpcf7-text wpcf7-validates-as-required\" aria-required=\"true\" aria-invalid=\"false\" value=\"\" type=\"text\" name=\"your-name\" \/><\/span> <\/label>\n<\/p>\n<p><label> Deine E-Mail-Adresse (Pflichtfeld)<br \/>\n<span class=\"wpcf7-form-control-wrap\" data-name=\"your-email\"><input size=\"40\" maxlength=\"400\" class=\"wpcf7-form-control wpcf7-email wpcf7-validates-as-required wpcf7-text wpcf7-validates-as-email\" aria-required=\"true\" aria-invalid=\"false\" value=\"\" type=\"email\" name=\"your-email\" \/><\/span> <\/label>\n<\/p>\n<p><label> Betreff<br \/>\n<span class=\"wpcf7-form-control-wrap\" data-name=\"your-subject\"><input size=\"40\" maxlength=\"400\" class=\"wpcf7-form-control wpcf7-text\" aria-invalid=\"false\" value=\"\" type=\"text\" name=\"your-subject\" \/><\/span> <\/label>\n<\/p>\n<p><label> Deine Nachricht<br \/>\n<span class=\"wpcf7-form-control-wrap\" data-name=\"your-message\"><textarea cols=\"40\" rows=\"10\" maxlength=\"2000\" class=\"wpcf7-form-control wpcf7-textarea\" aria-invalid=\"false\" name=\"your-message\"><\/textarea><\/span> <\/label>\n<\/p>\n<p><input class=\"wpcf7-form-control wpcf7-submit has-spinner\" type=\"submit\" value=\"Senden\" \/>\n<\/p><p style=\"display: none !important;\" class=\"akismet-fields-container\" data-prefix=\"_wpcf7_ak_\"><label>&#916;<textarea name=\"_wpcf7_ak_hp_textarea\" cols=\"45\" rows=\"8\" maxlength=\"100\"><\/textarea><\/label><input type=\"hidden\" id=\"ak_js_1\" name=\"_wpcf7_ak_js\" value=\"123\"\/><script>document.getElementById( \"ak_js_1\" ).setAttribute( \"value\", ( new Date() ).getTime() );<\/script><\/p><input type='hidden' class='wpcf7-pum' value='{\"closepopup\":false,\"closedelay\":0,\"openpopup\":false,\"openpopup_id\":0}' \/><div class=\"wpcf7-response-output\" aria-hidden=\"true\"><\/div>\n<\/form>\n<\/div>\n\n<\/div><\/section><\/p><\/div><div class=\"flex_column av_two_fifth  flex_column_div av-zero-column-padding   avia-builder-el-6  el_after_av_three_fifth  avia-builder-el-last  \" style='border-radius:0px; '><div  class='avia-image-container  av-styling-    avia-builder-el-7  avia-builder-el-no-sibling  avia-align-center '  itemprop=\"image\" itemscope=\"itemscope\" itemtype=\"https:\/\/schema.org\/ImageObject\"  ><div class='avia-image-container-inner'><div class='avia-image-overlay-wrap'><img decoding=\"async\" class='wp-image-1070 avia-img-lazy-loading-not-1070 avia_image' src=\"https:\/\/chalkboards.de\/wp-content\/uploads\/2017\/07\/Kontakt_Einladung_verpackt.jpg\" alt='Retro-Einladung zum Geburtstag - Chalkboards.de' title='Kontakt_Einladung_verpackt' height=\"1000\" width=\"1000\"  itemprop=\"thumbnailUrl\" srcset=\"https:\/\/chalkboards.de\/wp-content\/uploads\/2017\/07\/Kontakt_Einladung_verpackt.jpg 1000w, https:\/\/chalkboards.de\/wp-content\/uploads\/2017\/07\/Kontakt_Einladung_verpackt-450x450.jpg 450w, https:\/\/chalkboards.de\/wp-content\/uploads\/2017\/07\/Kontakt_Einladung_verpackt-100x100.jpg 100w, https:\/\/chalkboards.de\/wp-content\/uploads\/2017\/07\/Kontakt_Einladung_verpackt-80x80.jpg 80w, https:\/\/chalkboards.de\/wp-content\/uploads\/2017\/07\/Kontakt_Einladung_verpackt-300x300.jpg 300w, https:\/\/chalkboards.de\/wp-content\/uploads\/2017\/07\/Kontakt_Einladung_verpackt-768x768.jpg 768w, https:\/\/chalkboards.de\/wp-content\/uploads\/2017\/07\/Kontakt_Einladung_verpackt-36x36.jpg 36w, https:\/\/chalkboards.de\/wp-content\/uploads\/2017\/07\/Kontakt_Einladung_verpackt-180x180.jpg 180w, https:\/\/chalkboards.de\/wp-content\/uploads\/2017\/07\/Kontakt_Einladung_verpackt-705x705.jpg 705w, https:\/\/chalkboards.de\/wp-content\/uploads\/2017\/07\/Kontakt_Einladung_verpackt-120x120.jpg 120w, https:\/\/chalkboards.de\/wp-content\/uploads\/2017\/07\/Kontakt_Einladung_verpackt-350x350.jpg 350w\" sizes=\"(max-width: 1000px) 100vw, 1000px\" \/><\/div><\/div><\/div><\/div><\/p>","protected":false},"excerpt":{"rendered":"","protected":false},"author":1,"featured_media":0,"parent":0,"menu_order":0,"comment_status":"closed","ping_status":"closed","template":"","meta":{"_monsterinsights_skip_tracking":false,"_monsterinsights_sitenote_active":false,"_monsterinsights_sitenote_note":"","_monsterinsights_sitenote_category":0,"footnotes":""},"class_list":["post-239","page","type-page","status-publish","hentry"],"_links":{"self":[{"href":"https:\/\/chalkboards.de\/index.php\/wp-json\/wp\/v2\/pages\/239"}],"collection":[{"href":"https:\/\/chalkboards.de\/index.php\/wp-json\/wp\/v2\/pages"}],"about":[{"href":"https:\/\/chalkboards.de\/index.php\/wp-json\/wp\/v2\/types\/page"}],"author":[{"embeddable":true,"href":"https:\/\/chalkboards.de\/index.php\/wp-json\/wp\/v2\/users\/1"}],"replies":[{"embeddable":true,"href":"https:\/\/chalkboards.de\/index.php\/wp-json\/wp\/v2\/comments?post=239"}],"version-history":[{"count":11,"href":"https:\/\/chalkboards.de\/index.php\/wp-json\/wp\/v2\/pages\/239\/revisions"}],"predecessor-version":[{"id":9806,"href":"https:\/\/chalkboards.de\/index.php\/wp-json\/wp\/v2\/pages\/239\/revisions\/9806"}],"wp:attachment":[{"href":"https:\/\/chalkboards.de\/index.php\/wp-json\/wp\/v2\/media?parent=239"}],"curies":[{"name":"wp","href":"https:\/\/api.w.org\/{rel}","templated":true}]}}