{"id":319,"date":"2017-08-02T11:50:46","date_gmt":"2017-08-02T09:50:46","guid":{"rendered":"http:\/\/172.16.0.6\/index.php\/agb\/"},"modified":"2022-06-29T11:20:33","modified_gmt":"2022-06-29T09:20:33","slug":"agb","status":"publish","type":"page","link":"https:\/\/chalkboards.de\/index.php\/agb\/","title":{"rendered":"AGB"},"content":{"rendered":"<div  class=\"agb_content agb_terms  notranslate\"><!-- wp:shortcode -->\n[av_heading heading='ALLGEMEINE GESCH\u00c4FTSBEDINGUNGEN' tag='h4' link='' link_target='' style='blockquote modern-quote' size='' subheading_active='' subheading_size='15' margin='' padding='10' icon_padding='10' color='' custom_font='' icon_color='' show_icon='' icon='' font='' icon_size='' custom_class='' id='' admin_preview_bg='' av-desktop-hide='' av-medium-hide='' av-small-hide='' av-mini-hide='' av-medium-font-size-title='' av-small-font-size-title='' av-mini-font-size-title='' av-medium-font-size='' av-small-font-size='' av-mini-font-size='' av-medium-font-size-1='' av-small-font-size-1='' av-mini-font-size-1=''][\/av_heading]\n\n[av_textblock size='' av-medium-font-size='' av-small-font-size='' av-mini-font-size='' font_color='' color='' id='' custom_class='' av_uid='av-6s2n' admin_preview_bg='']\n<strong>1.Geltungsbereich<\/strong>\n\n<strong>1.1.<\/strong> Die nachfolgenden Allgemeinen Gesch\u00e4ftsbedingungen gelten f\u00fcr alle Lieferungen zwischen uns (nachfolgend \u201eVerk\u00e4ufer\u201c)\u00a0 und einem Verbraucher (nachfolgend \u201eKunde\u201c) in ihrer zum Zeitpunkt der Bestellung g\u00fcltigen Fassung.\n<strong>1.2.<\/strong> Verbraucher im Sinne dieser AGB ist jede nat\u00fcrliche Person, die ein Rechtsgesch\u00e4ft zu einem Zwecke abschlie\u00dft, der \u00fcberwiegend weder ihrer gewerblichen noch ihrer selbstst\u00e4ndigen beruflichen T\u00e4tigkeit zugerechnet werden kann (\u00a7 13 BGB).\n<strong>1.3.<\/strong> Abweichende Bedingungen des Kunden werden nicht anerkannt, es sei denn, der Verk\u00e4ufer stimmt ihrer Geltung ausdr\u00fccklich zu.\n<strong>1.4.<\/strong> F\u00fcr Fragen, Reklamationen und Beanstandungen erreichen Sie uns per E-Mail unter <a href=\"mailto:mail@chalkboards.de\">mail@chalkboards.de<\/a>\n\n<strong>2. Zustandekommen des Vertrage<\/strong><strong>s<\/strong>\n\n<strong>2.1.<\/strong> Gegenstand des Vertrages ist der Verkauf von Waren \u00fcber den Onlineshop von Chalkboards.de. Unsere Angebote im Onlineshop sind unverbindlich und kein verbindliches Angebot zum Abschluss eines Vertrages.\n<strong>2.2.<\/strong> Der Kunde kann ein verbindliches Kaufangebot (Bestellung) \u00fcber das Online-Warenkorbsystem abgeben. Dabei werden die zum Kauf beabsichtigten Waren\u00a0im \u201eWarenkorb\" abgelegt. \u00dcber die entsprechende Schaltfl\u00e4che in der Navigationsleiste kann der Kunde den \u201eWarenkorb\" aufrufen und dort jederzeit \u00c4nderungen vornehmen. Nach Aufrufen der Seite \u201eKasse\" und der Eingabe der pers\u00f6nlichen Daten sowie der Zahlungs- und Versandbedingungen werden abschlie\u00dfend nochmals alle Bestelldaten auf der Bestell\u00fcbersichtsseite angezeigt.\nVor Absenden der Bestellung hat der Kunde die M\u00f6glichkeit, hier s\u00e4mtliche Angaben nochmals zu \u00fcberpr\u00fcfen, zu \u00e4ndern (auch \u00fcber die Funktion \u201ezur\u00fcck\" des Internetbrowsers) bzw. den Kauf abzubrechen.\nMit dem Absenden der Bestellung \u00fcber die Schaltfl\u00e4che \"Jetzt kostenpflichtig bestellen\" gibt der Kunde ein verbindliches Angebot bei uns ab.\n<strong>2.3.<\/strong> Die Annahme des Angebots (und damit der Vertragsabschluss) erfolgt unverz\u00fcglich nach Bestellung durch Best\u00e4tigung per E-Mail, in welcher dem Kunden die Ausf\u00fchrung der Bestellung best\u00e4tigt wird (Bestellbest\u00e4tigung).\n\n<strong>3. Preise, Zahlungsbedingungen<\/strong>\n\n<strong>3.1.<\/strong> Alle Preise, die auf unserer Website angegeben sind, verstehen sich einschlie\u00dflich der jeweils g\u00fcltigen gesetzlichen Umsatzsteuer.\n<strong>3.2.<\/strong> Zus\u00e4tzlich zu den angegebenen Preisen berechnen wir f\u00fcr die Lieferung Versandkosten. Die Versandkosten werden dem Kunden auf einer gesonderten Informationsseite und im Rahmen des Bestellvorgangs deutlich mitgeteilt.\n<strong>3.3.<\/strong> Die Zahlung des\/der Artikel wird per Vorkasse (Bank\u00fcberweisung) oder Pay Pal akzeptiert.\n<strong>3.4.<\/strong> Hat der Kunde die Zahlung per Vorkasse gew\u00e4hlt, so verpflichtet er sich, den Kaufpreis unverz\u00fcglich nach Vertragsschluss zu zahlen.\n<strong>3.5.<\/strong> Wenn die Zahlung trotz F\u00e4lligkeit auch nach erneuter Aufforderung nicht bis zu einem Zeitpunkt von 10 Kalendertagen nach Absendung der Bestellbest\u00e4tigung beim Verk\u00e4ufer eingegangen ist, tritt der Verk\u00e4ufer vom Vertrag zur\u00fcck mit der Folge, dass die Bestellung hinf\u00e4llig ist und den Verk\u00e4ufer keine Lieferpflicht trifft. Die Bestellung ist dann f\u00fcr den K\u00e4ufer und Verk\u00e4ufer ohne weitere Folgen erledigt. Eine Reservierung des Artikels bei Vorkassezahlungen erfolgt daher l\u00e4ngstens f\u00fcr 10 Kalendertage.\n\n<strong>4. Lieferung, Lieferzeiten<\/strong>\n\nDer Verk\u00e4ufer liefert die bestellten Produkte an die in der Bestellung angegebene Lieferadresse oder per E-Mail an die angegebene E-Mail-Adresse.\u00a0 Kunden werden \u00fcber Lieferzeiten auf einer gesonderten Informationsseite und innerhalb der jeweiligen Produktbeschreibung unterrichtet.\n\n<strong>5. Individuell gestaltete Produkte<\/strong>\n\n<strong>5.1. <\/strong>Der Kunde stellt uns die f\u00fcr die individuelle Gestaltung der Waren erforderlichen Informationen, Texte oder Dateien \u00fcber das Online-Bestellsystem oder per E-Mail sp\u00e4testens unverz\u00fcglich nach Vertragsschluss zur Verf\u00fcgung. Unsere etwaigen Vorgaben zu Dateiformaten sind zu beachten.\n<strong>5.2. <\/strong>Der Kunde verpflichtet sich, keine Daten zu \u00fcbermitteln, deren Inhalt Rechte Dritter (insbesondere Urheberrechte, Namensrechte, Markenrechte) verletzen oder gegen bestehende Gesetze versto\u00dfen. Der Kunde stellt uns ausdr\u00fccklich von s\u00e4mtlichen in diesem Zusammenhang geltend gemachten Anspr\u00fcchen Dritter frei. Das betrifft auch die Kosten der in diesem Zusammenhang erforderlichen rechtlichen Vertretung.\n<strong>5.3. <\/strong>Wir nehmen keine Pr\u00fcfung der \u00fcbermittelten Daten auf inhaltliche Richtigkeit vor und \u00fcbernehmen insoweit keine Haftung f\u00fcr Fehler.\n<strong>5.4.<\/strong> Soweit wir im Rahmen der individuellen Gestaltung f\u00fcr den Kunden Texte, Bilder, Grafiken und Designs erstellen, unterliegen diese dem Urheberrecht.\nOhne unsere ausdr\u00fcckliche Zustimmung ist eine Verwendung, Reproduktion oder Ver\u00e4nderung einzelner Teile oder kompletter Inhalte nicht zul\u00e4ssig.\nSoweit nicht anders vereinbart, \u00fcbertragen wir dem Kunden ein zeitlich unbegrenztes Nutzungsrecht an den f\u00fcr ihn erstellten urheberrechtlich gesch\u00fctzten Werken. Dem Kunden ist es ausdr\u00fccklich untersagt, die gesch\u00fctzten Werke oder Teile davon in irgendeiner Weise Dritten privat oder kommerziell zur Verf\u00fcgung zu stellen.\nDie \u00dcbertragung des Nutzungsrechts steht unter der aufschiebenden Bedingung der vollst\u00e4ndigen Zahlung des vereinbarten Kaufpreises.\n\n<strong>6. Eigentumsvorbehalt<\/strong>\n\nDie Ware bleibt bis zur vollst\u00e4ndigen Bezahlung Eigentum des Verk\u00e4ufers.\n\n<strong>7. Widerruf<\/strong>\n\n<em>Ausschluss des Widerrufsrechts\n<\/em>Das Widerrufsrecht besteht nicht bei Fernabsatzvertr\u00e4gen zur Lieferung von Waren, die nach Kundenspezifikation angefertigt werden oder eindeutig auf die pers\u00f6nlichen Bed\u00fcrfnisse zugeschnitten sind (gem. 312 d Abs. 1 BGB ist nach \u00a7 312 d Abs. 4 Nr. 1 BGB).\n<em>Ende der Widerrufsbelehrung<\/em>\n\n<strong>8. Haftung<\/strong>\n\nDer Verk\u00e4ufer haftet bei einer Verletzung wesentlicher Vertragspflichten, dem Fehlen zugesicherter Eigenschaften sowie den Anspr\u00fcchen des Kunden nach dem Produkthaftungsgesetz auf Schadensersatz. Dar\u00fcber hinaus haftet der Verk\u00e4ufer auf Schadensersatz nur bei Vorsatz oder grober Fahrl\u00e4ssigkeit von Chalkboards.de und seinen Erf\u00fcllungsgehilfen. Der Verk\u00e4ufer haftet nicht f\u00fcr indirekte Sch\u00e4den, Folgesch\u00e4den oder atypische Sch\u00e4den gleich welcher Art. Dies gilt auch f\u00fcr den Ersatz von entgangenem Gewinn, entgangener Nutzungsm\u00f6glichkeit oder immaterieller Werte.\n\n<strong>9. Datenschutz<\/strong>\n\nDer Verk\u00e4ufer wird die zum Zwecke der Bestellung von Waren angegebenen pers\u00f6nlichen Daten (wie zum Beispiel Name, E-Mail-Adresse, Anschrift, Zahlungsdaten) nach den gesetzlichen Bestimmungen des Teledienstdatenschutzgesetzes (TDDSG) und des Bundesdatenschutzgesetzes behandeln. Eine Weiterleitung an Dritte zu gewerblichen Zwecken ist ausgeschlossen.\n\n<strong>10. Copyright<\/strong>\n\nAlle Designs sind und bleiben (geistiges) Eigentum von Chalkboards.de. Sie sind ausschlie\u00dflich f\u00fcr den privaten Gebrauch bestimmt und d\u00fcrfen nicht f\u00fcr kommerzielle Zwecke verwendet werden.\n\n<strong>11. Gerichtsstand, Anwendbares Recht, Vertragssprache<\/strong>\n\n<strong>11.1.<\/strong> Gerichtstand und Erf\u00fcllungsort ist der Sitz des Verk\u00e4ufers, wenn der Kunde Kaufmann, juristische Person des \u00f6ffentlichen Rechts oder \u00f6ffentlich-rechtliches Sonderverm\u00f6gen ist.\n<strong>11.2. <\/strong>Vertragssprache ist deutsch.\n\nStand: 31.03.2022\n\n[av_hr class='invisible' height='50' shadow='no-shadow' position='center' custom_border='av-border-thin' custom_width='50px' custom_border_color='' custom_margin_top='30px' custom_margin_bottom='30px' icon_select='yes' custom_icon_color='' icon='ue808' font='entypo-fontello' admin_preview_bg='' av_uid='av-ehcrj']\n\n<strong>Alternative Streitbeilegung gem\u00e4\u00df Art. 14 Abs. 1 ODR-VO und \u00a7 36 VSBG:<\/strong>\n\nDie Europ\u00e4ische Kommission stellt eine Plattform f\u00fcr die au\u00dfergerichtliche Online-Streitbeilegung (OS-Plattform) bereit, die unter\u00a0<a href=\"http:\/\/www.ec.europa.eu\/consumers\/odr\">www.ec.europa.eu\/consumers\/odr<\/a>\u00a0aufrufbar\u00a0ist.\u00a0 Wir sind weder verpflichtet noch bereit, an dem Streitschlichtungsverfahren teilzunehmen.\n[\/av_textblock]\n\n[av_hr class='invisible' height='50' shadow='no-shadow' position='center' custom_border='av-border-thin' custom_width='50px' custom_border_color='' custom_margin_top='30px' custom_margin_bottom='30px' icon_select='yes' custom_icon_color='' icon='ue808' font='entypo-fontello' admin_preview_bg='' av_uid='av-943z3']\n<!-- \/wp:shortcode --><\/div>\n","protected":false},"excerpt":{"rendered":"","protected":false},"author":1,"featured_media":0,"parent":0,"menu_order":0,"comment_status":"closed","ping_status":"closed","template":"","meta":{"_monsterinsights_skip_tracking":false,"_monsterinsights_sitenote_active":false,"_monsterinsights_sitenote_note":"","_monsterinsights_sitenote_category":0,"footnotes":""},"class_list":["post-319","page","type-page","status-publish","hentry"],"_links":{"self":[{"href":"https:\/\/chalkboards.de\/index.php\/wp-json\/wp\/v2\/pages\/319"}],"collection":[{"href":"https:\/\/chalkboards.de\/index.php\/wp-json\/wp\/v2\/pages"}],"about":[{"href":"https:\/\/chalkboards.de\/index.php\/wp-json\/wp\/v2\/types\/page"}],"author":[{"embeddable":true,"href":"https:\/\/chalkboards.de\/index.php\/wp-json\/wp\/v2\/users\/1"}],"replies":[{"embeddable":true,"href":"https:\/\/chalkboards.de\/index.php\/wp-json\/wp\/v2\/comments?post=319"}],"version-history":[{"count":22,"href":"https:\/\/chalkboards.de\/index.php\/wp-json\/wp\/v2\/pages\/319\/revisions"}],"predecessor-version":[{"id":7688,"href":"https:\/\/chalkboards.de\/index.php\/wp-json\/wp\/v2\/pages\/319\/revisions\/7688"}],"wp:attachment":[{"href":"https:\/\/chalkboards.de\/index.php\/wp-json\/wp\/v2\/media?parent=319"}],"curies":[{"name":"wp","href":"https:\/\/api.w.org\/{rel}","templated":true}]}}