{"id":91,"date":"2017-07-22T01:11:21","date_gmt":"2017-07-21T23:11:21","guid":{"rendered":"http:\/\/172.16.0.6\/?page_id=91"},"modified":"2025-03-20T19:04:37","modified_gmt":"2025-03-20T18:04:37","slug":"blog","status":"publish","type":"page","link":"https:\/\/chalkboards.de\/index.php\/blog\/","title":{"rendered":"BLOG"},"content":{"rendered":"<div   data-autoplay=''  data-interval='5'  data-animation='fade'  data-show_slide_delay='90'  class='avia-content-slider avia-content-grid-active avia-content-slider1 avia-content-slider-even  avia-builder-el-0  el_before_av_image  avia-builder-el-first  '  itemscope=\"itemscope\" itemtype=\"https:\/\/schema.org\/Blog\" ><div class='avia-content-slider-inner'><div class='slide-entry-wrap'><article class='slide-entry flex_column  post-entry post-entry-10789 slide-entry-overview slide-loop-1 slide-parity-odd  post-entry-last  av_one_half first real-thumbnail post-format-standard'  itemscope=\"itemscope\" itemtype=\"https:\/\/schema.org\/CreativeWork\" ><a href='https:\/\/chalkboards.de\/index.php\/2025\/03\/19\/jahrgangsposter-das-perfekte-geschenk-zum-geburtstag\/' data-rel='slide-1' class='slide-image' title='Warum ein Jahrgangsposter das perfekte Geschenk zum Geburtstag ist'><img decoding=\"async\" width=\"495\" height=\"400\" src=\"https:\/\/chalkboards.de\/wp-content\/uploads\/2025\/03\/01_Jahrgangsposter-495x400.jpg\" class=\"wp-image-10791 avia-img-lazy-loading-not-10791 attachment-portfolio size-portfolio wp-post-image\" alt=\"Jahrgangsposter zum Geburtstag als Dekoration f\u00fcr die Party und Zuhause\" \/><\/a><div class='slide-content'><header class=\"entry-content-header\"><span class=\"blog-categories minor-meta\"><a href=\"https:\/\/chalkboards.de\/index.php\/category\/jahrgangs-chalkboards\/\" rel=\"tag\">Jahrgangs-Chalkboards<\/a> <\/span><h3 class='slide-entry-title entry-title '  itemprop=\"headline\" ><a href='https:\/\/chalkboards.de\/index.php\/2025\/03\/19\/jahrgangsposter-das-perfekte-geschenk-zum-geburtstag\/' title='Warum ein Jahrgangsposter das perfekte Geschenk zum Geburtstag ist'>Warum ein Jahrgangsposter das perfekte Geschenk zum Geburtstag ist<\/a><\/h3><span class=\"av-vertical-delimiter\"><\/span><\/header><div class='slide-entry-excerpt entry-content'  itemprop=\"text\" >\nNostalgie trifft auf Individualit\u00e4t - Ein pers\u00f6nliches Geschenk voller Erinnerungen!\n\n\n\nEin Geburtstag ist ein besonderer Anlass, um einem geliebten Menschen eine Freude zu machen. Doch oft stellt sich die Frage: Was schenkt man, das pers\u00f6nlich,\u2026<div class=\"read-more-link\"><a href=\"https:\/\/chalkboards.de\/index.php\/2025\/03\/19\/jahrgangsposter-das-perfekte-geschenk-zum-geburtstag\/\" class=\"more-link\">Weiterlesen<span class=\"more-link-arrow\"><\/span><\/a><\/div><\/div><\/div><footer class=\"entry-footer\"><div class='slide-meta'><div class='slide-meta-comments'><a href='https:\/\/chalkboards.de\/index.php\/2025\/03\/19\/jahrgangsposter-das-perfekte-geschenk-zum-geburtstag\/#respond'>0 Kommentare<\/a><\/div><div class='slide-meta-del'>\/<\/div><time class='slide-meta-time updated'  itemprop=\"datePublished\" datetime=\"2025-03-19T19:43:30+01:00\" >19. M\u00e4rz 2025<\/time><\/div><\/footer><span class='hidden'>\n\t\t\t\t<span class='av-structured-data'  itemprop=\"image\" itemscope=\"itemscope\" itemtype=\"https:\/\/schema.org\/ImageObject\" >\n\t\t\t\t\t\t<span itemprop='url'>https:\/\/chalkboards.de\/wp-content\/uploads\/2025\/03\/01_Jahrgangsposter.jpg<\/span>\n\t\t\t\t\t\t<span itemprop='height'>417<\/span>\n\t\t\t\t\t\t<span itemprop='width'>1000<\/span>\n\t\t\t\t<\/span>\n\t\t\t\t<span class='av-structured-data'  itemprop=\"publisher\" itemtype=\"https:\/\/schema.org\/Organization\" itemscope=\"itemscope\" >\n\t\t\t\t\t\t<span itemprop='name'>dreisenauer<\/span>\n\t\t\t\t\t\t<span itemprop='logo' itemscope itemtype='https:\/\/schema.org\/ImageObject'>\n\t\t\t\t\t\t\t<span itemprop='url'>https:\/\/chalkboards.de\/wp-content\/uploads\/2017\/08\/Chalkboards_rds_rund_rand.png<\/span>\n\t\t\t\t\t\t <\/span>\n\t\t\t\t<\/span><span class='av-structured-data'  itemprop=\"author\" itemscope=\"itemscope\" itemtype=\"https:\/\/schema.org\/Person\" ><span itemprop='name'>dreisenauer<\/span><\/span><span class='av-structured-data'  itemprop=\"datePublished\" datetime=\"2017-07-22T01:11:21+02:00\" >2025-03-19 19:43:30<\/span><span class='av-structured-data'  itemprop=\"dateModified\" itemtype=\"https:\/\/schema.org\/dateModified\" >2025-03-19 22:04:03<\/span><span class='av-structured-data'  itemprop=\"mainEntityOfPage\" itemtype=\"https:\/\/schema.org\/mainEntityOfPage\" ><span itemprop='name'>Warum ein Jahrgangsposter das perfekte Geschenk zum Geburtstag ist<\/span><\/span><\/span><\/article><\/div><\/div><\/div>\n<div  class='avia-image-container  av-styling-    avia-builder-el-1  el_after_av_blog  el_before_av_heading  avia-align-center '  itemprop=\"image\" itemscope=\"itemscope\" itemtype=\"https:\/\/schema.org\/ImageObject\"  ><div class='avia-image-container-inner'><div class='avia-image-overlay-wrap'><img decoding=\"async\" class='wp-image-596 avia-img-lazy-loading-not-596 avia_image' src=\"https:\/\/chalkboards.de\/wp-content\/uploads\/2017\/07\/OccamDeli_blog.jpg\" alt='Occam Deli Love &amp; Lilies' title='OccamDeli_blog' height=\"800\" width=\"1920\"  itemprop=\"thumbnailUrl\" srcset=\"https:\/\/chalkboards.de\/wp-content\/uploads\/2017\/07\/OccamDeli_blog.jpg 1920w, https:\/\/chalkboards.de\/wp-content\/uploads\/2017\/07\/OccamDeli_blog-450x188.jpg 450w, https:\/\/chalkboards.de\/wp-content\/uploads\/2017\/07\/OccamDeli_blog-300x125.jpg 300w, https:\/\/chalkboards.de\/wp-content\/uploads\/2017\/07\/OccamDeli_blog-768x320.jpg 768w, https:\/\/chalkboards.de\/wp-content\/uploads\/2017\/07\/OccamDeli_blog-1030x429.jpg 1030w, https:\/\/chalkboards.de\/wp-content\/uploads\/2017\/07\/OccamDeli_blog-1500x625.jpg 1500w, https:\/\/chalkboards.de\/wp-content\/uploads\/2017\/07\/OccamDeli_blog-705x294.jpg 705w\" sizes=\"(max-width: 1920px) 100vw, 1920px\" \/><\/div><\/div><\/div>\n<div  style='padding-bottom:10px; ' class='av-special-heading av-special-heading-h3    avia-builder-el-2  el_after_av_image  el_before_av_textblock  '><h3 class='av-special-heading-tag '  itemprop=\"headline\"  >WAS IST NEU <span class='special_amp'>&amp;<\/span> WARUM EIN WEITERER BLOG?<\/h3><div class='special-heading-border'><div class='special-heading-inner-border' ><\/div><\/div><\/div>\n<section class=\"av_textblock_section \"  itemscope=\"itemscope\" itemtype=\"https:\/\/schema.org\/CreativeWork\" ><div class='avia_textblock  '   itemprop=\"text\" ><p style=\"font-size: 125%; line-height: 2;\">Im neuen Blog von Chalkboards.de erwarten Dich ab sofort regelm\u00e4\u00dfig neue Themen rund um gedruckte Geschenke, Design-Ideen, Gestaltungstipps und DIYs.<\/p>\n<h3 style=\"font-size: 125%; line-height: 2;\">Und warum nun ein neuer Blog?<\/h3>\n<p style=\"font-size: 125%; line-height: 2;\">Ich finde, es wird Zeit f\u00fcr neue Inputs, die ein wenig besser auf meinen Onlineshop und das Thema Print &amp; Design abgestimmt sind. Dieser Gedanke besch\u00e4ftigt mich schon lange und wird nun endlich in die Tat umgesetzt.<\/p>\n<p style=\"font-size: 125%; line-height: 2;\">Ich freue mich vor allem schon sehr darauf, die ein oder andere neue Inspiration mit Dir zu teilen, daher schau gerne \u00f6fters hier vorbei!<\/p>\n<\/div><\/section>\n<div   class='hr hr-full hr-shadow   avia-builder-el-4  el_after_av_textblock  el_before_av_heading '><span class='hr-inner ' ><span class='hr-inner-style'><\/span><\/span><\/div>\n<div  style='padding-bottom:10px; ' class='av-special-heading av-special-heading-h3    avia-builder-el-5  el_after_av_hr  el_before_av_one_half  '><h3 class='av-special-heading-tag '  itemprop=\"headline\"  >SCHON ETWAS \u00c4LTER, ABER NICHT VON GESTERN!<\/h3><div class='special-heading-border'><div class='special-heading-inner-border' ><\/div><\/div><\/div>\n<div class=\"flex_column av_one_half  flex_column_div av-zero-column-padding first  avia-builder-el-6  el_after_av_heading  el_before_av_one_half  \" style='border-radius:0px; '><p><div  style='height:50px' class='hr hr-invisible   avia-builder-el-7  el_before_av_image  avia-builder-el-first '><span class='hr-inner ' ><span class='hr-inner-style'><\/span><\/span><\/div><br \/>\n<div  class='avia-image-container  av-styling-    avia-builder-el-8  el_after_av_hr  avia-builder-el-last  avia-align-left '  itemprop=\"image\" itemscope=\"itemscope\" itemtype=\"https:\/\/schema.org\/ImageObject\"  ><div class='avia-image-container-inner'><div class='avia-image-overlay-wrap'><a href='http:\/\/www.loveandlilies.de' class='avia_image'  ><img decoding=\"async\" width=\"553\" height=\"272\" class='wp-image-92 avia-img-lazy-loading-not-92 avia_image' src=\"https:\/\/chalkboards.de\/wp-content\/uploads\/2017\/07\/Logo_LL_Chalkboardsde.jpg\" alt='Logo Love and Lilies' title='Logo_LL_Chalkboardsde'  itemprop=\"thumbnailUrl\" srcset=\"https:\/\/chalkboards.de\/wp-content\/uploads\/2017\/07\/Logo_LL_Chalkboardsde.jpg 553w, https:\/\/chalkboards.de\/wp-content\/uploads\/2017\/07\/Logo_LL_Chalkboardsde-450x221.jpg 450w\" sizes=\"(max-width: 553px) 100vw, 553px\" \/><\/a><\/div><\/div><\/div><\/p><\/div>\n<div class=\"flex_column av_one_half  flex_column_div av-zero-column-padding   avia-builder-el-9  el_after_av_one_half  el_before_av_hr  \" style='border-radius:0px; '><section class=\"av_textblock_section \"  itemscope=\"itemscope\" itemtype=\"https:\/\/schema.org\/CreativeWork\" ><div class='avia_textblock  '   itemprop=\"text\" ><div   class='hr hr-short hr-center   avia-builder-el-11  avia-builder-el-no-sibling '><span class='hr-inner ' ><span class='hr-inner-style'><\/span><\/span><\/div>\n<p style=\"font-size: 125%; line-height: 2;\">Mein Onlineshop &#8216;Chalkboards.de&#8217; hat seinen Ursprung auf meinem Blog <a href=\"http:\/\/www.loveandlilies.de\/\">Love &amp; Lilies<\/a>. Hier sind die ersten Ideen daf\u00fcr entstanden und hier findest Du nach wie vor Empfehlungen f\u00fcr kostenlose Fonts und einen Chalkboard-Hintergrund, falls Du Dich\u00a0mal selbst an die Gestaltung wagen m\u00f6chtest.<\/p>\n<p style=\"font-size: 125%; line-height: 2;\">Zudem findest Du bei <a href=\"http:\/\/www.loveandlilies.de\/\">Love &amp; Lilies<\/a> allerlei Inspiration, angefangen bei DIY-Ideen, nat\u00fcrlich Chalkboard-Art, Freebies zum Download, Ideen f\u00fcr handgemachte Karten, meine Lieblingsrezepte zum Nachkochen und vieles mehr.<\/p>\n<p style=\"font-size: 125%; line-height: 2;\">Ich w\u00fcnsche Dir viel Spa\u00df beim Durchst\u00f6bern meiner Blogs und freue mich \u00fcber Deine Anregungen und Kommentare.<\/p>\n<\/div><\/section><\/div><div  style='height:50px' class='hr hr-invisible   avia-builder-el-12  el_after_av_one_half  el_before_av_one_fourth '><span class='hr-inner ' ><span class='hr-inner-style'><\/span><\/span><\/div><\/p>\n<div class=\"flex_column av_one_fourth  flex_column_div av-zero-column-padding first  avia-builder-el-13  el_after_av_hr  el_before_av_one_fourth  \" style='border-radius:0px; '><div  class='avia-image-container  av-styling-    avia-builder-el-14  avia-builder-el-no-sibling  avia-align-center '  itemprop=\"image\" itemscope=\"itemscope\" itemtype=\"https:\/\/schema.org\/ImageObject\"  ><div class='avia-image-container-inner'><div class='avia-image-overlay-wrap'><a href='http:\/\/www.loveandlilies.de\/category\/diy\/' class='avia_image'  ><img decoding=\"async\" width=\"300\" height=\"300\" class='wp-image-94 avia-img-lazy-loading-not-94 avia_image' src=\"https:\/\/chalkboards.de\/wp-content\/uploads\/2017\/07\/th_DIY.jpg\" alt='Love And Lilies DIY' title='th_DIY'  itemprop=\"thumbnailUrl\" srcset=\"https:\/\/chalkboards.de\/wp-content\/uploads\/2017\/07\/th_DIY.jpg 300w, https:\/\/chalkboards.de\/wp-content\/uploads\/2017\/07\/th_DIY-100x100.jpg 100w\" sizes=\"(max-width: 300px) 100vw, 300px\" \/><\/a><\/div><\/div><\/div><\/div>\n<div class=\"flex_column av_one_fourth  flex_column_div av-zero-column-padding   avia-builder-el-15  el_after_av_one_fourth  el_before_av_one_fourth  \" style='border-radius:0px; '><div  class='avia-image-container  av-styling-    avia-builder-el-16  avia-builder-el-no-sibling  avia-align-center '  itemprop=\"image\" itemscope=\"itemscope\" itemtype=\"https:\/\/schema.org\/ImageObject\"  ><div class='avia-image-container-inner'><div class='avia-image-overlay-wrap'><a href='http:\/\/www.loveandlilies.de\/category\/downloads\/' class='avia_image'  ><img decoding=\"async\" width=\"300\" height=\"300\" class='wp-image-96 avia-img-lazy-loading-not-96 avia_image' src=\"https:\/\/chalkboards.de\/wp-content\/uploads\/2017\/07\/th_Freebies.jpg\" alt='Love And Lilies Freebies' title='th_Freebies'  itemprop=\"thumbnailUrl\" srcset=\"https:\/\/chalkboards.de\/wp-content\/uploads\/2017\/07\/th_Freebies.jpg 300w, https:\/\/chalkboards.de\/wp-content\/uploads\/2017\/07\/th_Freebies-100x100.jpg 100w\" sizes=\"(max-width: 300px) 100vw, 300px\" \/><\/a><\/div><\/div><\/div><\/div>\n<div class=\"flex_column av_one_fourth  flex_column_div av-zero-column-padding   avia-builder-el-17  el_after_av_one_fourth  el_before_av_one_fourth  \" style='border-radius:0px; '><div  class='avia-image-container  av-styling-    avia-builder-el-18  avia-builder-el-no-sibling  avia-align-center '  itemprop=\"image\" itemscope=\"itemscope\" itemtype=\"https:\/\/schema.org\/ImageObject\"  ><div class='avia-image-container-inner'><div class='avia-image-overlay-wrap'><a href='http:\/\/www.loveandlilies.de\/category\/kochen\/' class='avia_image'  ><img decoding=\"async\" width=\"300\" height=\"300\" class='wp-image-95 avia-img-lazy-loading-not-95 avia_image' src=\"https:\/\/chalkboards.de\/wp-content\/uploads\/2017\/07\/th_Food.jpg\" alt='Love And Lilies Food' title='th_Food'  itemprop=\"thumbnailUrl\" srcset=\"https:\/\/chalkboards.de\/wp-content\/uploads\/2017\/07\/th_Food.jpg 300w, https:\/\/chalkboards.de\/wp-content\/uploads\/2017\/07\/th_Food-100x100.jpg 100w\" sizes=\"(max-width: 300px) 100vw, 300px\" \/><\/a><\/div><\/div><\/div><\/div>\n<div class=\"flex_column av_one_fourth  flex_column_div av-zero-column-padding   avia-builder-el-19  el_after_av_one_fourth  el_before_av_hr  \" style='border-radius:0px; '><div  class='avia-image-container  av-styling-    avia-builder-el-20  avia-builder-el-no-sibling  avia-align-center '  itemprop=\"image\" itemscope=\"itemscope\" itemtype=\"https:\/\/schema.org\/ImageObject\"  ><div class='avia-image-container-inner'><div class='avia-image-overlay-wrap'><a href='http:\/\/www.loveandlilies.de\/tag\/chalkboard\/' class='avia_image'  ><img decoding=\"async\" width=\"300\" height=\"300\" class='wp-image-93 avia-img-lazy-loading-not-93 avia_image' src=\"https:\/\/chalkboards.de\/wp-content\/uploads\/2017\/07\/th_Chalkboard-Design.jpg\" alt='Love And Lilies Chalkboards' title='th_Chalkboard-Design'  itemprop=\"thumbnailUrl\" srcset=\"https:\/\/chalkboards.de\/wp-content\/uploads\/2017\/07\/th_Chalkboard-Design.jpg 300w, https:\/\/chalkboards.de\/wp-content\/uploads\/2017\/07\/th_Chalkboard-Design-100x100.jpg 100w\" sizes=\"(max-width: 300px) 100vw, 300px\" \/><\/a><\/div><\/div><\/div><\/div>\n<div  style='height:50px' class='hr hr-invisible   avia-builder-el-21  el_after_av_one_fourth  avia-builder-el-last '><span class='hr-inner ' ><span class='hr-inner-style'><\/span><\/span><\/div>","protected":false},"excerpt":{"rendered":"","protected":false},"author":1,"featured_media":0,"parent":0,"menu_order":0,"comment_status":"closed","ping_status":"closed","template":"","meta":{"_monsterinsights_skip_tracking":false,"_monsterinsights_sitenote_active":false,"_monsterinsights_sitenote_note":"","_monsterinsights_sitenote_category":0,"footnotes":""},"class_list":["post-91","page","type-page","status-publish","hentry"],"_links":{"self":[{"href":"https:\/\/chalkboards.de\/index.php\/wp-json\/wp\/v2\/pages\/91"}],"collection":[{"href":"https:\/\/chalkboards.de\/index.php\/wp-json\/wp\/v2\/pages"}],"about":[{"href":"https:\/\/chalkboards.de\/index.php\/wp-json\/wp\/v2\/types\/page"}],"author":[{"embeddable":true,"href":"https:\/\/chalkboards.de\/index.php\/wp-json\/wp\/v2\/users\/1"}],"replies":[{"embeddable":true,"href":"https:\/\/chalkboards.de\/index.php\/wp-json\/wp\/v2\/comments?post=91"}],"version-history":[{"count":15,"href":"https:\/\/chalkboards.de\/index.php\/wp-json\/wp\/v2\/pages\/91\/revisions"}],"predecessor-version":[{"id":10817,"href":"https:\/\/chalkboards.de\/index.php\/wp-json\/wp\/v2\/pages\/91\/revisions\/10817"}],"wp:attachment":[{"href":"https:\/\/chalkboards.de\/index.php\/wp-json\/wp\/v2\/media?parent=91"}],"curies":[{"name":"wp","href":"https:\/\/api.w.org\/{rel}","templated":true}]}}