{"id":10991,"date":"2025-12-06T16:22:54","date_gmt":"2025-12-06T15:22:54","guid":{"rendered":"https:\/\/chalkboards.de\/?post_type=product&#038;p=10991"},"modified":"2026-01-02T13:13:48","modified_gmt":"2026-01-02T12:13:48","slug":"lyrics-musik-poster-come-as-you-are","status":"publish","type":"product","link":"https:\/\/chalkboards.de\/index.php\/produkt\/lyrics-musik-poster-come-as-you-are\/","title":{"rendered":"Lyrics Musik Poster &#8211; Come as you are"},"content":{"rendered":"<div  style='padding-bottom:10px; ' class='av-special-heading av-special-heading-h3    avia-builder-el-0  el_before_av_heading  avia-builder-el-first  '><h3 class='av-special-heading-tag '  itemprop=\"headline\"  >LYRICS MUSIK POSTER &#8211; COME AS YOU ARE<\/h3><div class='special-heading-border'><div class='special-heading-inner-border' ><\/div><\/div><\/div>\n<p>Bring ein St\u00fcck Musikgeschichte in dein Zuhause: Unser \u201eCome as you are\u201c &#8211; Musik Poster im modernen Schwarz-Wei\u00df-Design vereint minimalistisches Grafikdesign mit einer ikonischen Textzeile aus dem Nirvana-Song. Der markante wei\u00dfe Schriftzug hebt sich kraftvoll vom dunklen Hintergrund ab, w\u00e4hrend feine grafische Elemente dem Poster eine zeitlose, stilvolle Note verleihen. Perfekt f\u00fcr Musikliebhaber, als Geschenk oder als besonderer Blickfang in deinem Wohn- oder Arbeitsraum.<\/p>\n<p><img loading=\"lazy\" decoding=\"async\" class=\"alignnone wp-image-11005\" src=\"https:\/\/chalkboards.de\/wp-content\/uploads\/2025\/12\/Lyrics_Come-as-you-are_Nirvana4-80x80.jpg\" alt=\"Lyrics Musik Poster - Come as you are - Ausschnitt aus einem Song von Nirvana mit grafischen Elementen Bild an der Wand in der K\u00fcche - Auf Premiumpapier oder Alu-Verbundplatte\" width=\"600\" height=\"600\" srcset=\"https:\/\/chalkboards.de\/wp-content\/uploads\/2025\/12\/Lyrics_Come-as-you-are_Nirvana4-80x80.jpg 80w, https:\/\/chalkboards.de\/wp-content\/uploads\/2025\/12\/Lyrics_Come-as-you-are_Nirvana4-300x300.jpg 300w, https:\/\/chalkboards.de\/wp-content\/uploads\/2025\/12\/Lyrics_Come-as-you-are_Nirvana4-768x768.jpg 768w, https:\/\/chalkboards.de\/wp-content\/uploads\/2025\/12\/Lyrics_Come-as-you-are_Nirvana4-36x36.jpg 36w, https:\/\/chalkboards.de\/wp-content\/uploads\/2025\/12\/Lyrics_Come-as-you-are_Nirvana4-180x180.jpg 180w, https:\/\/chalkboards.de\/wp-content\/uploads\/2025\/12\/Lyrics_Come-as-you-are_Nirvana4-705x705.jpg 705w, https:\/\/chalkboards.de\/wp-content\/uploads\/2025\/12\/Lyrics_Come-as-you-are_Nirvana4-120x120.jpg 120w, https:\/\/chalkboards.de\/wp-content\/uploads\/2025\/12\/Lyrics_Come-as-you-are_Nirvana4-450x450.jpg 450w, https:\/\/chalkboards.de\/wp-content\/uploads\/2025\/12\/Lyrics_Come-as-you-are_Nirvana4-100x100.jpg 100w, https:\/\/chalkboards.de\/wp-content\/uploads\/2025\/12\/Lyrics_Come-as-you-are_Nirvana4-50x50.jpg 50w, https:\/\/chalkboards.de\/wp-content\/uploads\/2025\/12\/Lyrics_Come-as-you-are_Nirvana4.jpg 1000w\" sizes=\"(max-width: 600px) 100vw, 600px\" \/><\/p>\n<p>Ein dekoratives Highlight mit Botschaft \u2013 f\u00fcr Dein Zuhause oder als besonderes Geschenk f\u00fcr Familie und Freunde!<\/p>\n<div  style='padding-bottom:10px; ' class='av-special-heading av-special-heading-h3    avia-builder-el-1  el_after_av_heading  el_before_av_font_icon  '><h3 class='av-special-heading-tag '  itemprop=\"headline\"  >INFOS ZU MATERIALIEN <span class='special_amp'>&amp;<\/span> RAHMEN<\/h3><div class='special-heading-border'><div class='special-heading-inner-border' ><\/div><\/div><\/div>\n<p>Das &#8216;Come As You Are&#8217; Poster ist auf folgendem Material erh\u00e4ltlich:<\/p>\n<ul>\n<li>als <strong>Druck auf exklusivem und hochwertigem 230g Premiumpapier<\/strong>. Das extrem matte Finish und die satte Farbwiedergabe machen das Poster sowohl haptisch als auch optisch zu einem absoluten Eye-Catcher.<\/li>\n<li><strong>auf 3 mm starker, matter Alu-Verbundplatte<\/strong> veredelt mit mattem UV-Lack &#8211; f\u00fcr ein modernes, langlebiges Finish. Die Aufh\u00e4ngung ist nicht enthalten. Gerne beraten wir Dich hierzu, falls Du Fragen hast.<\/li>\n<\/ul>\n<p>Weitere Sondermaterialien (z.B. Acryl etc.) sind auf Anfrage und gegen Aufpreis m\u00f6glich.<\/p>\n<p>Bilderrahmen und Posterleisten dienen nur zu Pr\u00e4sentationszwecken und sind in der Lieferung nicht enthalten.<\/p>\n<p>&nbsp;<\/p>\n<hr \/>\n<p><span  class=\"av_font_icon avia_animate_when_visible avia-icon-animate  av-icon-style-  avia-icon-pos-left \" style=\"color:#262626; border-color:#262626;\"><span class='av-icon-char' style='font-size:40px;line-height:40px;' aria-hidden='true' data-av_icon='\ue81d' data-av_iconfont='entypo-fontello' ><\/span><\/span> Hast Du einen ganz individuellen Wunsch, der hier nicht abgebildet ist? Oder hast Du Fragen zum Produkt? Schreibe uns eine Nachricht \u00fcber unser <a href=\"https:\/\/chalkboards.de\/index.php\/kontakt\/\">Kontaktformular<\/a>.<\/p>\n<p>&nbsp;<\/p>\n<div  style=' margin-top:30px; margin-bottom:30px;'  class='hr hr-custom hr-center hr-icon-no   avia-builder-el-3  el_after_av_font_icon  el_before_av_social_share '><span class='hr-inner  inner-border-av-border-thin' style=' width:50px; border-color:#6b6b6b;' ><span class='hr-inner-style'><\/span><\/span><\/div>\n<div  class='av-social-sharing-box  avia-builder-el-4  el_after_av_hr  avia-builder-el-last  '><div class='av-share-box'><h5 class='av-share-link-description av-no-toc '>Eintrag teilen <\/h5><ul class='av-share-box-list noLightbox'><li class='av-share-link av-social-link-facebook' ><a target=\"_blank\" aria-label=\"Teilen auf Facebook\" href='https:\/\/www.facebook.com\/sharer.php?u=https:\/\/chalkboards.de\/index.php\/produkt\/lyrics-musik-poster-come-as-you-are\/&#038;t=Lyrics%20Musik%20Poster%20%E2%80%93%20Come%20as%20you%20are' aria-hidden='false' data-av_icon='\ue8f3' data-av_iconfont='entypo-fontello' title='' data-avia-related-tooltip='Teilen auf Facebook' rel=\"noopener\"><span class='avia_hidden_link_text'>Teilen auf Facebook<\/span><\/a><\/li><li class='av-share-link av-social-link-twitter' ><a target=\"_blank\" aria-label=\"Teilen auf Twitter\" href='https:\/\/twitter.com\/share?text=Lyrics%20Musik%20Poster%20%E2%80%93%20Come%20as%20you%20are&#038;url=https:\/\/chalkboards.de\/?p=10991' aria-hidden='false' data-av_icon='\ue8f1' data-av_iconfont='entypo-fontello' title='' data-avia-related-tooltip='Teilen auf Twitter' rel=\"noopener\"><span class='avia_hidden_link_text'>Teilen auf Twitter<\/span><\/a><\/li><li class='av-share-link av-social-link-whatsapp' ><a target=\"_blank\" aria-label=\"Teilen auf WhatsApp\" href='https:\/\/api.whatsapp.com\/send?text=https:\/\/chalkboards.de\/index.php\/produkt\/lyrics-musik-poster-come-as-you-are\/' aria-hidden='false' data-av_icon='\uf232' data-av_iconfont='entypo-fontello' title='' data-avia-related-tooltip='Teilen auf WhatsApp' rel=\"noopener\"><span class='avia_hidden_link_text'>Teilen auf WhatsApp<\/span><\/a><\/li><li class='av-share-link av-social-link-pinterest' ><a target=\"_blank\" aria-label=\"Teilen auf Pinterest\" href='https:\/\/pinterest.com\/pin\/create\/button\/?url=https%3A%2F%2Fchalkboards.de%2Findex.php%2Fprodukt%2Flyrics-musik-poster-come-as-you-are%2F&#038;description=Lyrics%20Musik%20Poster%20%E2%80%93%20Come%20as%20you%20are&#038;media=https%3A%2F%2Fchalkboards.de%2Fwp-content%2Fuploads%2F2025%2F12%2FLyrics_Come-as-you-are_Nirvana-705x529.jpg' aria-hidden='false' data-av_icon='\ue8f8' data-av_iconfont='entypo-fontello' title='' data-avia-related-tooltip='Teilen auf Pinterest' rel=\"noopener\"><span class='avia_hidden_link_text'>Teilen auf Pinterest<\/span><\/a><\/li><li class='av-share-link av-social-link-mail' ><a  aria-label=\"Per E-Mail teilen\" href='mailto:?subject=Lyrics%20Musik%20Poster%20%E2%80%93%20Come%20as%20you%20are&#038;body=https:\/\/chalkboards.de\/index.php\/produkt\/lyrics-musik-poster-come-as-you-are\/' aria-hidden='false' data-av_icon='\ue805' data-av_iconfont='entypo-fontello' title='' data-avia-related-tooltip='Per E-Mail teilen'><span class='avia_hidden_link_text'>Per E-Mail teilen<\/span><\/a><\/li><\/ul><\/div><\/div>\n<p>&nbsp;<\/p>\n<p>&nbsp;<\/p>\n<p>&nbsp;<\/p>\n","protected":false},"excerpt":{"rendered":"<h6>[av_font_icon icon='ue806' font='entypo-fontello' style='' caption='' size='20px' position='left' color='#262626' link='' linktarget='' animation='' id='' custom_class='' av_uid='av-lcr4er' admin_preview_bg=''] LYRICS MUSIK POSTER \/ COME AS YOU ARE als Premiumposter oder Alu-Verbundplatte<\/h6>\n<p>&nbsp;<\/p>\n","protected":false},"featured_media":11001,"comment_status":"open","ping_status":"closed","template":"","meta":{"_monsterinsights_skip_tracking":false,"_monsterinsights_sitenote_active":false,"_monsterinsights_sitenote_note":"","_monsterinsights_sitenote_category":0},"product_cat":[275,255],"product_tag":[256,259],"class_list":{"0":"post-10991","1":"product","2":"type-product","3":"status-publish","4":"has-post-thumbnail","6":"product_cat-fuer-zuhause-freunde-familie","7":"product_cat-lyrics-poster","8":"product_tag-lyrics-poster","9":"product_tag-musik-poster","10":"product_shipping_class-paket-bis-5kg","11":"tm-has-options","13":"first","14":"instock","15":"featured","16":"taxable","17":"shipping-taxable","18":"purchasable","19":"product-type-variable","20":"has-default-attributes"},"_links":{"self":[{"href":"https:\/\/chalkboards.de\/index.php\/wp-json\/wp\/v2\/product\/10991"}],"collection":[{"href":"https:\/\/chalkboards.de\/index.php\/wp-json\/wp\/v2\/product"}],"about":[{"href":"https:\/\/chalkboards.de\/index.php\/wp-json\/wp\/v2\/types\/product"}],"replies":[{"embeddable":true,"href":"https:\/\/chalkboards.de\/index.php\/wp-json\/wp\/v2\/comments?post=10991"}],"wp:featuredmedia":[{"embeddable":true,"href":"https:\/\/chalkboards.de\/index.php\/wp-json\/wp\/v2\/media\/11001"}],"wp:attachment":[{"href":"https:\/\/chalkboards.de\/index.php\/wp-json\/wp\/v2\/media?parent=10991"}],"wp:term":[{"taxonomy":"product_cat","embeddable":true,"href":"https:\/\/chalkboards.de\/index.php\/wp-json\/wp\/v2\/product_cat?post=10991"},{"taxonomy":"product_tag","embeddable":true,"href":"https:\/\/chalkboards.de\/index.php\/wp-json\/wp\/v2\/product_tag?post=10991"}],"curies":[{"name":"wp","href":"https:\/\/api.w.org\/{rel}","templated":true}]}}