{"id":2703,"date":"2018-06-22T01:26:36","date_gmt":"2018-06-21T23:26:36","guid":{"rendered":"https:\/\/chalkboards.de\/?post_type=product&#038;p=2703"},"modified":"2026-01-02T13:14:03","modified_gmt":"2026-01-02T12:14:03","slug":"hochzeitsschild-willkommen-im-chalkboard-stil","status":"publish","type":"product","link":"https:\/\/chalkboards.de\/index.php\/produkt\/hochzeitsschild-willkommen-im-chalkboard-stil\/","title":{"rendered":"Hochzeitsschild &#8220;Willkommen&#8221; im Chalkboard Stil"},"content":{"rendered":"<p><span style=\"color: #9c8f6d; text-transform: uppercase; font-weight: bold;\">Personalisiertes Hochzeitsschild &#8220;Herzlich Willkommen auf unserer Hochzeit&#8221;<\/span><\/p>\n<p>Ein ganz besonderes Begr\u00fc\u00dfungsschild f\u00fcr den sch\u00f6nsten Tag im Leben!<\/p>\n<p>Das &#8220;Empfangsschild&#8221; oder &#8220;Willkommensschild&#8221; l\u00e4sst sich auf eurer Hochzeit beispielsweise auf einer Staffelei \u00e4u\u00dferst dekorativ in Szene setzen und begr\u00fc\u00dft die G\u00e4ste auf eine ganz charmante Art.<\/p>\n<p>Das Hochzeitsschild wird f\u00fcr das Brautpaar personalisiert und ist in folgenden Formaten erh\u00e4ltlich:<\/p>\n<p><strong>Digital-PDF<\/strong><br \/>\nDIN A4\/DIN A3 &#8211; 18,90<br \/>\nDIN A2\/DIN A1 &#8211; 21,90<\/p>\n<p><strong>Fertig gedruckter Print<\/strong> auf 250g Papier, matt (ohne Bilderrahmen)<br \/>\nDIN A3 &#8211; 27,90<br \/>\nDIN A2 &#8211; 32,90<br \/>\nDIN A1 &#8211; 37,90<\/p>\n<p>M\u00f6chtest Du das Empfangsschild zum Beispiel auf Leinwand drucken lassen, bestelle am besten das PDF in Deinem Wunschformat. Auch Sonderformate sind auf Anfrage m\u00f6glich.<\/p>\n<p>F\u00fcr die Personalisierung ben\u00f6tige ich folgende Daten:<\/p>\n<ul>\n<li>Vornamen des Brautpaares<\/li>\n<li>Datum der Hochzeitsfeier<\/li>\n<\/ul>\n<p><strong>Lieferumfang Prints:<\/strong><\/p>\n<ul>\n<li>Der Rahmen wird bei den Prints nicht mitgeliefert. Die Lieferung beinhaltet lediglich das gedruckte Produkt.<\/li>\n<li>Alle Printformate werden als Qualit\u00e4tsdruck, matt auf 250 g Papier gedruckt. Es handelt sich um einen Posterdruck.<\/li>\n<\/ul>\n<p><strong>Digitale Produkte<\/strong> werden standardm\u00e4\u00dfig per eMail im PDF Format verschickt. Solltest Du stattdessen die .JPG-Version ben\u00f6tigen, hinterlasse bitte einen entsprechenden Hinweis im Notizfeld an der Kasse.<\/p>\n<p>&nbsp;<\/p>\n","protected":false},"excerpt":{"rendered":"<p><span style=\"font-size: 0.9em;\">Lieferzeit PDF:\u00a0ca. 3 Werktage ab Zahlungseingang, Lieferzeit Print: ca. 7-10 Werktage ab Zahlungseingang<\/span><\/p>\n[av_font_icon icon='ue808' font='entypo-fontello' style='' caption='' link='' linktarget='' size='20px' position='left' color='' admin_preview_bg=''][\/av_font_icon]\n<p>Hochzeitsschild \/ Empfangsschild zur Hochzeit dunkel | personalisiert<\/p>\n","protected":false},"featured_media":6589,"comment_status":"open","ping_status":"closed","template":"","meta":{"_monsterinsights_skip_tracking":false,"_monsterinsights_sitenote_active":false,"_monsterinsights_sitenote_note":"","_monsterinsights_sitenote_category":0},"product_cat":[102],"product_tag":[54,103],"class_list":{"0":"post-2703","1":"product","2":"type-product","3":"status-publish","4":"has-post-thumbnail","6":"product_cat-hochzeit","7":"product_tag-chalkboard","8":"product_tag-hochzeit","9":"product_shipping_class-paket-bis-5kg","10":"tm-has-options","12":"first","13":"instock","14":"featured","15":"taxable","16":"shipping-taxable","17":"purchasable","18":"product-type-variable"},"_links":{"self":[{"href":"https:\/\/chalkboards.de\/index.php\/wp-json\/wp\/v2\/product\/2703"}],"collection":[{"href":"https:\/\/chalkboards.de\/index.php\/wp-json\/wp\/v2\/product"}],"about":[{"href":"https:\/\/chalkboards.de\/index.php\/wp-json\/wp\/v2\/types\/product"}],"replies":[{"embeddable":true,"href":"https:\/\/chalkboards.de\/index.php\/wp-json\/wp\/v2\/comments?post=2703"}],"wp:featuredmedia":[{"embeddable":true,"href":"https:\/\/chalkboards.de\/index.php\/wp-json\/wp\/v2\/media\/6589"}],"wp:attachment":[{"href":"https:\/\/chalkboards.de\/index.php\/wp-json\/wp\/v2\/media?parent=2703"}],"wp:term":[{"taxonomy":"product_cat","embeddable":true,"href":"https:\/\/chalkboards.de\/index.php\/wp-json\/wp\/v2\/product_cat?post=2703"},{"taxonomy":"product_tag","embeddable":true,"href":"https:\/\/chalkboards.de\/index.php\/wp-json\/wp\/v2\/product_tag?post=2703"}],"curies":[{"name":"wp","href":"https:\/\/api.w.org\/{rel}","templated":true}]}}