{"id":2742,"date":"2018-06-27T00:20:58","date_gmt":"2018-06-26T22:20:58","guid":{"rendered":"https:\/\/chalkboards.de\/?post_type=product&#038;p=2742"},"modified":"2025-11-03T20:38:40","modified_gmt":"2025-11-03T19:38:40","slug":"meilensteintafel-einschulung-erster-schultag","status":"publish","type":"product","link":"https:\/\/chalkboards.de\/index.php\/produkt\/meilensteintafel-einschulung-erster-schultag\/","title":{"rendered":"Meilensteintafel zur Einschulung &#8220;Mein erster Schultag&#8221; &#8211; blau"},"content":{"rendered":"<h3><span style=\"color: #9c8f6d; text-transform: uppercase; font-weight: bold;\">Personalisierte\u00a0 MEILENSTEINTAFEL zur Einschulung \/ Einschulungstafel &#8220;MEIN erster Schultag&#8221; Blau<\/span><\/h3>\n<p>&nbsp;<\/p>\n<p data-start=\"228\" data-end=\"498\"><strong data-start=\"228\" data-end=\"314\">Der erste Schultag steht bevor \u2013 ein besonderer Meilenstein im Leben jedes Kindes!<\/strong><br data-start=\"314\" data-end=\"317\" \/>Diese liebevoll gestaltete Meilensteintafel zur Einschulung wird individuell mit den wichtigsten Angaben des Schulkindes personalisiert und ist ein echtes Highlight zur Einschulung.<\/p>\n<p data-start=\"500\" data-end=\"779\"><strong data-start=\"500\" data-end=\"555\">Einzigartig, pers\u00f6nlich und voller Erinnerungswert:<\/strong><br data-start=\"555\" data-end=\"558\" \/>Die Tafel eignet sich wunderbar als Geschenk und ist eine sch\u00f6ne bleibende Erinnerung an den ersten Schultag. Du erh\u00e4ltst sie entweder als druckfertige PDF-Datei zum Selbstausdrucken oder als hochwertig gedrucktes Poster.<\/p>\n<p data-start=\"781\" data-end=\"1116\"><strong data-start=\"781\" data-end=\"809\">Farbanpassungen m\u00f6glich:<\/strong><br data-start=\"809\" data-end=\"812\" \/>Passt die Farbe einmal nicht zu deinem Wunschkonzept, kannst du sie f\u00fcr einen Aufpreis von 5\u202f\u20ac individuell anpassen lassen. Unsere Chalkboards sind bewusst in sanften, dezenten Farbt\u00f6nen gehalten \u2013 auf Wunsch sind aber auch bunte Designs, kr\u00e4ftigere Farben oder eigene Grafikw\u00fcnsche problemlos umsetzbar.<\/p>\n<p data-start=\"1118\" data-end=\"1439\"><strong data-start=\"1118\" data-end=\"1162\">Individuelle Anpassungen leicht gemacht:<\/strong><br data-start=\"1162\" data-end=\"1165\" \/>Sollten deine Wunschangaben nicht in eine der vorgesehenen Rubriken passen, melde ich mich bei dir \u2013 so kannst du sie bei Bedarf k\u00fcrzen oder anpassen.<br data-start=\"1315\" data-end=\"1318\" \/>Auch wenn du eine Rubrik austauschen m\u00f6chtest, ist das kein Problem: Gib den Wunsch einfach bei deiner Bestellung mit an.<\/p>\n<div  style=' margin-top:30px; margin-bottom:30px;'  class='hr hr-custom hr-center hr-icon-yes   avia-builder-el-0  el_before_av_hr  avia-builder-el-first '><span class='hr-inner  inner-border-av-border-thin' style=' width:50px; max-width:45%;' ><span class='hr-inner-style'><\/span><\/span><span class='av-seperator-icon'  aria-hidden='true' data-av_icon='\ue808' data-av_iconfont='entypo-fontello'><\/span><span class='hr-inner  inner-border-av-border-thin' style=' width:50px; max-width:45%;' ><span class='hr-inner-style'><\/span><\/span><\/div>\n<p><span style=\"color: #9c8f6d; text-transform: uppercase; font-weight: bold;\">Wie l\u00e4uft die Bestellung ab?<\/span><\/p>\n<p>Nachdem Du den Artikel gelegt hast, gehe bitte zur Kasse und trage nachfolgende Personalisierungsinformationen in das Feld &#8220;Bestellnotiz&#8221; ein:<\/p>\n<p>&#8211; Vorname<br \/>\n&#8211; Datum des ersten Schultages<br \/>\n&#8211; Alter<br \/>\n&#8211; Gr\u00f6\u00dfe in m<br \/>\n&#8211; Anzahl Wackelz\u00e4hne (oder Zahnfeebesuche)<br \/>\n&#8211; Mein\/e beste\/r Freund\/in (bis zu 3 Namen)<br \/>\n&#8211; Was ich mag<br \/>\n&#8211; Was ich nicht mag<br \/>\n&#8211; Lieblingsmenschen (oder Meine Schule:&#8230;)<br \/>\n&#8211; Lieblingsfarbe<br \/>\n&#8211; Lieblingsessen<br \/>\n&#8211; Das will ich sp\u00e4ter mal werden<\/p>\n<p><em>ALTERNATIV KANNST DU MIR NACH ABSENDEN DER BESTELLUNG AUCH EINE E-MAIL MIT DEN PERSONALISIERUNGSDATEN SENDEN. BITTE VERMERKE UNBEDINGT DEINE BESTELLNUMMER.<\/em><\/p>\n<p>Nach Zahlungseingang mache ich mich an die Arbeit und schicke Dir vorab einen Entwurf zur Freigabe. Nach Freigabe Deinerseits geht der Auftrag an die Druckerei bzw. sende ich Dir das druckfertige PDF per E-Mail.<\/p>\n<p><img loading=\"lazy\" decoding=\"async\" class=\"wp-image-10856 aligncenter\" src=\"https:\/\/chalkboards.de\/wp-content\/uploads\/2018\/06\/Einschulung_blau_Noah_2025.jpg\" alt=\"Meilensteintafel zur Einschulung &quot;Mein erster Schultag&quot; Junge sitzt und zeigt Bilderrahmen mit Einschulungstafel blau\" width=\"530\" height=\"800\" srcset=\"https:\/\/chalkboards.de\/wp-content\/uploads\/2018\/06\/Einschulung_blau_Noah_2025.jpg 663w, https:\/\/chalkboards.de\/wp-content\/uploads\/2018\/06\/Einschulung_blau_Noah_2025-199x300.jpg 199w, https:\/\/chalkboards.de\/wp-content\/uploads\/2018\/06\/Einschulung_blau_Noah_2025-467x705.jpg 467w, https:\/\/chalkboards.de\/wp-content\/uploads\/2018\/06\/Einschulung_blau_Noah_2025-450x679.jpg 450w\" sizes=\"(max-width: 530px) 100vw, 530px\" \/><\/p>\n<p><strong>DRUCKMATERIAL &amp; FORMATE:<\/strong><\/p>\n<ul>\n<li style=\"list-style-type: none;\">\n<ul>\n<li><strong>230g Premiumpapier matt (alle Formate)<\/strong><br \/>\nExklusives und hochwertiges Premiumpapier (extrem mattes Finish, sehr edel und beste Farbwiedergabe)<\/li>\n<li><strong>250g Standard Bilderdruckpapier (A2 und A1)<\/strong><br \/>\nQualit\u00e4tsdruck auf 250g Bilderdruckpapier\/matt. Durch die Papierbeschaffenheit l\u00e4sst sich ein leichter Oberfl\u00e4chenglanz nicht verhindern. F\u00fcr eine extra matte Oberfl\u00e4che empfehlen wir unser exklusives 230 g Premiumpapier.<\/li>\n<\/ul>\n<\/li>\n<\/ul>\n<p>Sondermaterialien (z.B. Alu-Dibond, Acryl) sind auf Anfrage und gegen Aufpreis m\u00f6glich.<\/p>\n<p><strong>INFORMATION ZUM TAFELHINTERGRUND<\/strong><\/p>\n<p>Im \u201cTafelhintergrund\u201d sind leichte \u201cTafel-Kratzer\u201d und dezente farbliche Abstufungen integriert. Diese sind gewollt und geh\u00f6ren zum Charme des Chalkboards dazu. Zudem wird der typische Retro-Chalkboard-Look dadurch unterstrichen. Wenn Du stattdessen lieber einen blanken, einfarbigen Hintergrund haben m\u00f6chtest, bitte bei der Bestellung mit angeben.<\/p>\n<p><strong>LIEFERZEITEN-HINWEIS:<\/strong><\/p>\n<p>Die angegebenen Lieferzeiten sind Richtwerte und k\u00f6nnen je nach Auftragslage leicht variieren. Wenn es eilig ist, schreib mir gerne \u2013 oft ist eine bevorzugte Bearbeitung m\u00f6glich. Als Werktage gelten Montag bis Freitag, Samstage in Ausnahmef\u00e4llen.<\/p>\n<div  style=' margin-top:30px; margin-bottom:30px;'  class='hr hr-custom hr-center hr-icon-yes   avia-builder-el-1  el_after_av_hr  avia-builder-el-last '><span class='hr-inner  inner-border-av-border-thin' style=' width:50px; max-width:45%;' ><span class='hr-inner-style'><\/span><\/span><span class='av-seperator-icon'  aria-hidden='true' data-av_icon='\ue808' data-av_iconfont='entypo-fontello'><\/span><span class='hr-inner  inner-border-av-border-thin' style=' width:50px; max-width:45%;' ><span class='hr-inner-style'><\/span><\/span><\/div>\n<p>\ud83d\udccc <strong>BITTE BEACHTE:<\/strong><\/p>\n<ul>\n<li style=\"list-style-type: none;\">\n<ul>\n<li><strong data-start=\"169\" data-end=\"190\">Digitale Produkte<\/strong> werden standardm\u00e4\u00dfig im <strong data-start=\"215\" data-end=\"240\">PDF-Format per E-Mail<\/strong> versendet. Wenn du stattdessen eine <strong data-start=\"281\" data-end=\"294\">JPG-Datei<\/strong> ben\u00f6tigst, hinterlasse bitte einen entsprechenden Hinweis im Notizfeld beim Bestellabschluss.<\/li>\n<li><strong data-start=\"392\" data-end=\"413\">Farbdarstellungen<\/strong> k\u00f6nnen je nach Bildschirm leicht variieren \u2013 kleinere Abweichungen sind daher m\u00f6glich.<\/li>\n<li><strong data-start=\"504\" data-end=\"533\">Rahmen oder Posterleisten<\/strong> sind bei den Prints <strong data-start=\"550\" data-end=\"585\">nicht im Lieferumfang enthalten<\/strong>. Du erh\u00e4ltst ausschlie\u00dflich das gedruckte Poster.<\/li>\n<\/ul>\n<\/li>\n<\/ul>\n<hr \/>\n<p>Die Meilensteintafel zur Einschulung gibt es in verschiedenen Farben und Designs (blau, rose, t\u00fcrkis, gr\u00fcn, etc.). Hier findest Du <a href=\"https:\/\/chalkboards.de\/index.php\/produkt-kategorie\/fuer-kinder\/einschulung\/\">alle Poster zur Einschulung im \u00dcberblick<\/a>.<\/p>\n","protected":false},"excerpt":{"rendered":"<p>[av_font_icon icon='ue808' font='entypo-fontello' style='' caption='' link='' linktarget='' size='20px' position='left' color='' admin_preview_bg=''][\/av_font_icon] Einschulungstafel | Farbe: taubenblau\/grau | personalisiert<\/p>\n","protected":false},"featured_media":7315,"comment_status":"open","ping_status":"closed","template":"","meta":{"_monsterinsights_skip_tracking":false,"_monsterinsights_sitenote_active":false,"_monsterinsights_sitenote_note":"","_monsterinsights_sitenote_category":0},"product_cat":[270,104],"product_tag":[106,54,187,105,107],"class_list":{"0":"post-2742","1":"product","2":"type-product","3":"status-publish","4":"has-post-thumbnail","6":"product_cat-fuer-kinder","7":"product_cat-einschulung","8":"product_tag-1-schultag","9":"product_tag-chalkboard","10":"product_tag-einschulung","11":"product_tag-einschulungstafel","12":"product_tag-schulkind","13":"product_shipping_class-paket-bis-5kg","14":"tm-has-options","16":"first","17":"instock","18":"taxable","19":"shipping-taxable","20":"purchasable","21":"product-type-variable"},"_links":{"self":[{"href":"https:\/\/chalkboards.de\/index.php\/wp-json\/wp\/v2\/product\/2742"}],"collection":[{"href":"https:\/\/chalkboards.de\/index.php\/wp-json\/wp\/v2\/product"}],"about":[{"href":"https:\/\/chalkboards.de\/index.php\/wp-json\/wp\/v2\/types\/product"}],"replies":[{"embeddable":true,"href":"https:\/\/chalkboards.de\/index.php\/wp-json\/wp\/v2\/comments?post=2742"}],"wp:featuredmedia":[{"embeddable":true,"href":"https:\/\/chalkboards.de\/index.php\/wp-json\/wp\/v2\/media\/7315"}],"wp:attachment":[{"href":"https:\/\/chalkboards.de\/index.php\/wp-json\/wp\/v2\/media?parent=2742"}],"wp:term":[{"taxonomy":"product_cat","embeddable":true,"href":"https:\/\/chalkboards.de\/index.php\/wp-json\/wp\/v2\/product_cat?post=2742"},{"taxonomy":"product_tag","embeddable":true,"href":"https:\/\/chalkboards.de\/index.php\/wp-json\/wp\/v2\/product_tag?post=2742"}],"curies":[{"name":"wp","href":"https:\/\/api.w.org\/{rel}","templated":true}]}}