{"id":3077,"date":"2018-08-14T17:52:42","date_gmt":"2018-08-14T15:52:42","guid":{"rendered":"https:\/\/chalkboards.de\/?post_type=product&#038;p=3077"},"modified":"2024-10-22T03:08:41","modified_gmt":"2024-10-22T01:08:41","slug":"chalkboard-zur-taufe-tauftafel-blau","status":"publish","type":"product","link":"https:\/\/chalkboards.de\/index.php\/produkt\/chalkboard-zur-taufe-tauftafel-blau\/","title":{"rendered":"Chalkboard zur Taufe \/ Tauftafel blau"},"content":{"rendered":"<p><span style=\"color: #9c8f6d; text-transform: uppercase; font-weight: bold;\">Personalisierte TAUFTAFEL \/ Chalkboard zur TAUFE<\/span><\/p>\n<p>Farbe: rauchblau\/pfirsich<\/p>\n<p>Mit viel Liebe gestaltet, wird dieses s\u00fc\u00dfe Chalkboard zur Heiligen Taufe f\u00fcr das Taufkind personalisiert und mit den wichtigsten Angaben versehen.<\/p>\n<p>Es ist absolut einzigartig und h\u00fcbscht die Tauffeier nochmals ganz besonders auf.\u00a0 Als Dekoration oder zum Beispiel als Geschenk von den Taufpaten ist es eine sch\u00f6ne und bleibende Erinnerung an den Tag der Taufe. Die Tauftafel ist als pdf zum Selberausdrucken oder als fertig gedruckter Print erh\u00e4ltlich.<\/p>\n<p>Sollte die Farbe nicht in Dein Konzept passen, kannst Du diese gegen einen Aufpreis von 5 \u20ac ganz nach Deinen W\u00fcnschen \u00e4ndern lassen. Wenn Du es lieber bunt magst, intensivere Farben oder ganz spezielle Grafiken haben m\u00f6chtest, l\u00e4sst sich auch dies selbstverst\u00e4ndlich umsetzen.<\/p>\n<p>M\u00f6chtest Du eine Kategorie \u00e4ndern, so ist dies kein Problem, bitte schreibe mir dies einfach bei Deiner Bestellung dazu.<\/p>\n<div  style=' margin-top:30px; margin-bottom:30px;'  class='hr hr-custom hr-center hr-icon-yes   avia-builder-el-0  el_before_av_hr  avia-builder-el-first '><span class='hr-inner  inner-border-av-border-thin' style=' width:50px; max-width:45%;' ><span class='hr-inner-style'><\/span><\/span><span class='av-seperator-icon'  aria-hidden='true' data-av_icon='\ue808' data-av_iconfont='entypo-fontello'><\/span><span class='hr-inner  inner-border-av-border-thin' style=' width:50px; max-width:45%;' ><span class='hr-inner-style'><\/span><\/span><\/div>\n<p><span style=\"color: #9c8f6d; text-transform: uppercase; font-weight: bold;\">Wie l\u00e4uft die Bestellung ab?<\/span><\/p>\n<p>Nachdem Du das Chalkboard in den Warenkorb gelegt hast, gehe bitte zur Kasse und trage nachfolgende Personalisierungsinformationen in das Feld &#8220;Bestellnotiz&#8221; ein:<\/p>\n<p>&#8211; Vorname (auf Wunsch auch Nachname)<br \/>\n&#8211; Datum der Taufe<br \/>\n&#8211; Alter<br \/>\n&#8211; Gr\u00f6\u00dfe in cm<br \/>\n&#8211; Gewicht in kg<br \/>\n&#8211; Namen der Kirche<br \/>\n&#8211; Namen des\/der Taufpaten<br \/>\n&#8211; Taufspruch<\/p>\n<p><em>ALTERNATIV KANNST DU MIR NACH ABSENDEN DER BESTELLUNG AUCH EINE EMAIL MIT DEN PERSONALISIERUNGSDATEN SENDEN. BITTE VERMERKE UNBEDINGT DEINE BESTELLNUMMER.<\/em><\/p>\n<div  style=' margin-top:30px; margin-bottom:30px;'  class='hr hr-custom hr-center hr-icon-yes   avia-builder-el-1  el_after_av_hr  el_before_av_hr '><span class='hr-inner  inner-border-av-border-thin' style=' width:50px; max-width:45%;' ><span class='hr-inner-style'><\/span><\/span><span class='av-seperator-icon'  aria-hidden='true' data-av_icon='\ue808' data-av_iconfont='entypo-fontello'><\/span><span class='hr-inner  inner-border-av-border-thin' style=' width:50px; max-width:45%;' ><span class='hr-inner-style'><\/span><\/span><\/div>\n<p>Nach Zahlungseingang mache ich mich an die Arbeit und schicke Dir vorab einen Entwurf zur Freigabe. Nach Freigabe Deinerseits geht der Auftrag an die Druckerei bzw. sende ich Dir das druckfertige PDF per eMail.<\/p>\n<div  style=' margin-top:30px; margin-bottom:30px;'  class='hr hr-custom hr-center hr-icon-yes   avia-builder-el-2  el_after_av_hr  el_before_av_hr '><span class='hr-inner  inner-border-av-border-thin' style=' width:50px; max-width:45%;' ><span class='hr-inner-style'><\/span><\/span><span class='av-seperator-icon'  aria-hidden='true' data-av_icon='\ue808' data-av_iconfont='entypo-fontello'><\/span><span class='hr-inner  inner-border-av-border-thin' style=' width:50px; max-width:45%;' ><span class='hr-inner-style'><\/span><\/span><\/div>\n<p><strong>Lieferumfang Prints:<\/strong><\/p>\n<ul>\n<li>Der Rahmen wird bei den Prints nicht mitgeliefert. Die Lieferung beinhaltet lediglich das gedruckte Produkt.<\/li>\n<li>Alle Printformate werden als Qualit\u00e4tsdruck, matt auf 250 g Papier gedruckt. Es handelt sich um einen Posterdruck.<\/li>\n<\/ul>\n<p><strong>Digitale Produkte<\/strong> werden standardm\u00e4\u00dfig per eMail im pdf Format verschickt. Solltest Du stattdessen (oder auch) die .jpg-Version ben\u00f6tigen, hinterlasse bitte einen entsprechenden Hinweis im Notizfeld an der Kasse.<\/p>\n<div  style=' margin-top:30px; margin-bottom:30px;'  class='hr hr-custom hr-center hr-icon-yes   avia-builder-el-3  el_after_av_hr  avia-builder-el-last '><span class='hr-inner  inner-border-av-border-thin' style=' width:50px; max-width:45%;' ><span class='hr-inner-style'><\/span><\/span><span class='av-seperator-icon'  aria-hidden='true' data-av_icon='\ue808' data-av_iconfont='entypo-fontello'><\/span><span class='hr-inner  inner-border-av-border-thin' style=' width:50px; max-width:45%;' ><span class='hr-inner-style'><\/span><\/span><\/div>\n<p><strong>LIEFERZEITEN-HINWEIS:<\/strong><\/p>\n<p>Meine Lieferzeiten sind ungef\u00e4hre Richtzeiten, je nachdem wie die Kapazit\u00e4ten sind. Auf Anfrage kann ich aber auch mal den ein oder anderen Auftrag vorziehen und schneller bearbeiten. Am besten einfach anfragen, dann kann ich euch direkt sagen, wie schnell eine Lieferung m\u00f6glich ist. Als Werktage gelten Montag bis Freitag, Samstag nur in Ausnahmef\u00e4llen.<\/p>\n<p><span style=\"color: #9c8f6d; text-transform: uppercase; font-weight: bold;\">Preis\u00fcbersicht Chalkboards zur TAUFE<\/span><\/p>\n<p>Hochaufl\u00f6sendes Digital-PDF, wahlweise in A4\/A3\/A2\u00a0 \u2013 24,90 \u20ac<br \/>\nPrint Chalkboard zur Taufe DIN A4 \u2013 28,90 \u20ac<br \/>\nPrint Chalkboard zur Taufe DIN A3 \u2013 32,90 \u20ac<br \/>\nPrint Chalkboard zur Taufe DIN A2 \u2013 35,90 \u20ac<br \/>\nPrint Chalkboard zur Taufe DIN A1 \u2013 39,90 \u20ac<\/p>\n<p>Preise inkl. ges. MwSt. \/ Prints zzgl. Versandkosten<\/p>\n","protected":false},"excerpt":{"rendered":"<p><span style=\"font-size: 0.9em;\">Lieferzeit PDF: ca. 2-4 Werktage ab Zahlungseingang, Lieferzeit Print: ca. 8-10 Werktage ab Zahlungseingang<\/span><\/p>\n[av_font_icon icon='ue808' font='entypo-fontello' style='' caption='' link='' linktarget='' size='20px' position='left' color='' admin_preview_bg=''][\/av_font_icon]\n<p>Chalkboard zur Taufe | Farbe: rauchblau\/pfirsich | personalisiert<\/p>\n","protected":false},"featured_media":3085,"comment_status":"open","ping_status":"closed","template":"","meta":{"_monsterinsights_skip_tracking":false,"_monsterinsights_sitenote_active":false,"_monsterinsights_sitenote_note":"","_monsterinsights_sitenote_category":0},"product_cat":[270,108],"product_tag":[54,109],"class_list":{"0":"post-3077","1":"product","2":"type-product","3":"status-publish","4":"has-post-thumbnail","6":"product_cat-fuer-kinder","7":"product_cat-taufe","8":"product_tag-chalkboard","9":"product_tag-taufe","10":"product_shipping_class-paket-bis-5kg","11":"tm-has-options","13":"first","14":"instock","15":"sale","16":"taxable","17":"shipping-taxable","18":"purchasable","19":"product-type-variable"},"_links":{"self":[{"href":"https:\/\/chalkboards.de\/index.php\/wp-json\/wp\/v2\/product\/3077"}],"collection":[{"href":"https:\/\/chalkboards.de\/index.php\/wp-json\/wp\/v2\/product"}],"about":[{"href":"https:\/\/chalkboards.de\/index.php\/wp-json\/wp\/v2\/types\/product"}],"replies":[{"embeddable":true,"href":"https:\/\/chalkboards.de\/index.php\/wp-json\/wp\/v2\/comments?post=3077"}],"wp:featuredmedia":[{"embeddable":true,"href":"https:\/\/chalkboards.de\/index.php\/wp-json\/wp\/v2\/media\/3085"}],"wp:attachment":[{"href":"https:\/\/chalkboards.de\/index.php\/wp-json\/wp\/v2\/media?parent=3077"}],"wp:term":[{"taxonomy":"product_cat","embeddable":true,"href":"https:\/\/chalkboards.de\/index.php\/wp-json\/wp\/v2\/product_cat?post=3077"},{"taxonomy":"product_tag","embeddable":true,"href":"https:\/\/chalkboards.de\/index.php\/wp-json\/wp\/v2\/product_tag?post=3077"}],"curies":[{"name":"wp","href":"https:\/\/api.w.org\/{rel}","templated":true}]}}