{"id":3274,"date":"2018-09-19T12:49:38","date_gmt":"2018-09-19T10:49:38","guid":{"rendered":"https:\/\/chalkboards.de\/?post_type=product&#038;p=3274"},"modified":"2026-01-04T16:17:23","modified_gmt":"2026-01-04T15:17:23","slug":"retro-chalkboard-jahrgang-1995","status":"publish","type":"product","link":"https:\/\/chalkboards.de\/index.php\/produkt\/retro-chalkboard-jahrgang-1995\/","title":{"rendered":"31. Geburtstag &#8211; Retro Chalkboard Jahrgang 1995"},"content":{"rendered":"<p><span style=\"color: #9c8f6d; text-transform: uppercase; font-weight: bold;\">Personalisiertes Geschenk zum 30. Geburtstag, Retro Chalkboard Jahrgang 1995<\/span><\/p>\n<p>Das Retro Chalkboard ist ein ganz besonderes Geschenk zum Geburtstag. Hier sind viele interessante Fakten und Highlights aus dem jeweiligen Jahrgang vereint. Das Chalkboard wird f\u00fcr das Geburtstagskind von mir personalisiert und ist als fertig gedruckter Print (per Post) oder als digitale Datei (per E-Mail) erh\u00e4ltlich.<\/p>\n<p>Gerahmt in einem schicken Bilderrahmen kann das Chalkboard entweder auf dem Gabentisch oder auf einer Staffelei ausgestellt werden. Es ist ein echtes Highlight auf der Geburtstagsparty\u00a0\u2013\u00a0und l\u00e4sst Geburtstagskind und G\u00e4ste\u00a0so sch\u00f6n in Erinnerungen schwelgen<span class=\"text_exposed_hide\">\u2026 <\/span><\/p>\n<p>Das Jahrgangsposter kann auch f\u00fcr einen Hochzeitstag oder f\u00fcr jedes andere Jubil\u00e4um (z.B. Firmenjubil\u00e4um, Kennenlernjahr, etc.) gut angepasst werden. Auch zwei Namen und Geburtsdaten auf einem Chalkboard sind m\u00f6glich.<\/p>\n<p>F\u00fcr die Personalisierung ben\u00f6tige ich folgende Daten:<\/p>\n<ul>\n<li style=\"list-style-type: none;\">\n<ul style=\"list-style-position: outside;\">\n<li>Vorname des Geburtstagskindes<\/li>\n<li>Geburtsdatum des Geburtstagskindes<\/li>\n<\/ul>\n<\/li>\n<\/ul>\n<p><strong>DRUCKMATERIAL &amp; FORMATE:<\/strong><\/p>\n<ul>\n<li style=\"list-style-type: none;\">\n<ul style=\"list-style-position: outside;\">\n<li><strong>230g Premiumpapier matt (alle Formate)<\/strong><br \/>\nExklusives und hochwertiges Premiumpapier (extrem mattes Finish, sehr edel und beste Farbwiedergabe)<\/li>\n<li><strong>840g Karton (ausgew\u00e4hlte Produkte ab A4, sonst A3 und A2)<\/strong><br \/>\nStabiler 840 g Karton mit matter Optik. Aufgrund der strukturierten Oberfl\u00e4che f\u00e4llt die Schriftgr\u00f6\u00dfe bei A4-Formaten entsprechend kleiner aus uns ist demnach u.U. schwerer lesbar. Daher empfehlen wir dieses Material im A3 oder A2 Format.<\/li>\n<li><strong>250g Standard Bilderdruckpapier (A2 und A1)<\/strong><br \/>\nQualit\u00e4tsdruck auf 250g Bilderdruckpapier\/matt. Durch die Papierbeschaffenheit l\u00e4sst sich ein leichter Oberfl\u00e4chenglanz nicht verhindern. F\u00fcr eine extra matte Oberfl\u00e4che empfehlen wir unser exklusives 230 g Premiumpapier.<\/li>\n<\/ul>\n<\/li>\n<\/ul>\n<p>Sondermaterialien (z.B. Alu-Dibond, Acryl) sind auf Anfrage und gegen Aufpreis m\u00f6glich.<\/p>\n<p><strong>INFORMATION ZUM TAFELHINTERGRUND<\/strong><\/p>\n<p>Im &#8220;Tafelhintergrund&#8221; sind leichte &#8220;Tafel-Kratzer&#8221; und dezente farbliche Abstufungen integriert. Diese sind gewollt und geh\u00f6ren zum Charme des Chalkboards dazu. Zudem wird der typische Retro-Chalkboard-Look dadurch unterstrichen. Wenn Du stattdessen lieber einen blanken, einfarbigen Hintergrund haben m\u00f6chtest, bitte bei der Bestellung mit angeben.<\/p>\n<p><strong>BITTE BEACHTE NOCH FOLGENDES:<\/strong><\/p>\n<ul>\n<li style=\"list-style-type: none;\">\n<ul style=\"list-style-position: outside;\">\n<li>Digitale Produkte werden standardm\u00e4\u00dfig per E-Mail im pdf-Format verschickt. Solltest Du stattdessen die .jpg-Version ben\u00f6tigen, hinterlasse bitte einen entsprechenden Hinweis im Notizfeld an der Kasse.<\/li>\n<li>Je nach Bildschirmdarstellung k\u00f6nnen die Farben leicht voneinander abweichen.<\/li>\n<li>Rahmen bzw. Posterleisten werden bei den Prints nicht mitgeliefert. Die Lieferung beinhaltet lediglich das gedruckte Produkt.<\/li>\n<\/ul>\n<\/li>\n<\/ul>\n<p><span style=\"color: #9c8f6d; text-transform: uppercase; font-weight: bold;\">Preis\u00fcbersicht Jahrgangsposter:<\/span><\/p>\n<p>Hochaufl\u00f6sendes Digital-PDF zum selber ausdrucken &#8211; ab 14,90 \u20ac<br \/>\nPrint DIN A4 &#8211; ab 25,90 \u20ac<br \/>\nPrint DIN A3 &#8211; ab 29,90 \u20ac<br \/>\nPrint DIN A2 &#8211; ab 31,90 \u20ac<br \/>\nPrint DIN A1 &#8211; ab 35,90 \u20ac<\/p>\n<p>Preise inkl. ges. MwSt. \/ Prints zzgl. Versandkosten<\/p>\n<div  style=' margin-top:30px; margin-bottom:30px;'  class='hr hr-custom hr-center hr-icon-yes   avia-builder-el-0  avia-builder-el-no-sibling '><span class='hr-inner  inner-border-av-border-thin' style=' width:50px; max-width:45%;' ><span class='hr-inner-style'><\/span><\/span><span class='av-seperator-icon'  aria-hidden='true' data-av_icon='\ue808' data-av_iconfont='entypo-fontello'><\/span><span class='hr-inner  inner-border-av-border-thin' style=' width:50px; max-width:45%;' ><span class='hr-inner-style'><\/span><\/span><\/div>\n<p>Falls mehrere Feiern anstehen, findest Du hier fast 100 <a href=\"https:\/\/chalkboards.de\/index.php\/produkt-kategorie\/jahrgangsposter\/\">WEITERE PERSONALISIERTE JAHRGANGSPOSTER<\/a><\/p>\n","protected":false},"excerpt":{"rendered":"<p>&nbsp;<\/p>\n[av_font_icon icon='ue808' font='entypo-fontello' style='' caption='' link='' linktarget='' size='20px' position='left' color='' admin_preview_bg=''][\/av_font_icon]\n<p>Jahrgangsposter \/ Retro Chalkboard zum Geburtstag | personalisiert<\/p>\n","protected":false},"featured_media":11086,"comment_status":"open","ping_status":"closed","template":"","meta":{"_monsterinsights_skip_tracking":false,"_monsterinsights_sitenote_active":false,"_monsterinsights_sitenote_note":"","_monsterinsights_sitenote_category":0},"product_cat":[16],"product_tag":[112,54,55],"class_list":{"0":"post-3274","1":"product","2":"type-product","3":"status-publish","4":"has-post-thumbnail","6":"product_cat-personalisierte-jahrgangsposter-im-chalkboard-design","7":"product_tag-112","8":"product_tag-chalkboard","9":"product_tag-jahrgangsposter","10":"product_shipping_class-paket-bis-5kg","11":"tm-has-options","13":"first","14":"instock","15":"taxable","16":"shipping-taxable","17":"purchasable","18":"product-type-variable"},"_links":{"self":[{"href":"https:\/\/chalkboards.de\/index.php\/wp-json\/wp\/v2\/product\/3274"}],"collection":[{"href":"https:\/\/chalkboards.de\/index.php\/wp-json\/wp\/v2\/product"}],"about":[{"href":"https:\/\/chalkboards.de\/index.php\/wp-json\/wp\/v2\/types\/product"}],"replies":[{"embeddable":true,"href":"https:\/\/chalkboards.de\/index.php\/wp-json\/wp\/v2\/comments?post=3274"}],"wp:featuredmedia":[{"embeddable":true,"href":"https:\/\/chalkboards.de\/index.php\/wp-json\/wp\/v2\/media\/11086"}],"wp:attachment":[{"href":"https:\/\/chalkboards.de\/index.php\/wp-json\/wp\/v2\/media?parent=3274"}],"wp:term":[{"taxonomy":"product_cat","embeddable":true,"href":"https:\/\/chalkboards.de\/index.php\/wp-json\/wp\/v2\/product_cat?post=3274"},{"taxonomy":"product_tag","embeddable":true,"href":"https:\/\/chalkboards.de\/index.php\/wp-json\/wp\/v2\/product_tag?post=3274"}],"curies":[{"name":"wp","href":"https:\/\/api.w.org\/{rel}","templated":true}]}}