{"id":3326,"date":"2018-09-25T22:18:42","date_gmt":"2018-09-25T20:18:42","guid":{"rendered":"https:\/\/chalkboards.de\/?post_type=product&#038;p=3326"},"modified":"2024-10-22T03:10:48","modified_gmt":"2024-10-22T01:10:48","slug":"kinderzitate-poster-spruecheklopfer","status":"publish","type":"product","link":"https:\/\/chalkboards.de\/index.php\/produkt\/kinderzitate-poster-spruecheklopfer\/","title":{"rendered":"Kinderzitate Poster &#8220;Spr\u00fccheklopfer&#8221;"},"content":{"rendered":"<p><span style=\"color: #9c8f6d; text-transform: uppercase; font-weight: bold;\">PersonalisierteS Poster \/ Kinderzitate &#8220;Spr\u00fccheklopfer&#8221; im scandi style<\/span><\/p>\n<p>Raus mit den besten Spr\u00fcchen eurer Kids! Es wird Zeit, die lustigsten Zitate der Kleinen zum Leben zu erwecken und sie f\u00fcr immer festzuhalten, denn sie sind viel zu wertvoll, als dass sie im Notizbuch vor sich hinschlummern! Mit diesem s\u00fc\u00dfen Plakat im skandinavischen Stil werdet ihr eine wahre Freude haben! Es passt perfekt in jedes Kinderzimmer und ist ist eine wunderbar witzige Erinnerung an die Kinderzeit. Auch als Geburtstagsgeschenk ist es bestens geeignet.<\/p>\n<p>Das Kinderzitate Poster ist als digitales pdf zum Selberausdrucken oder als fertig gedruckter Print erh\u00e4ltlich.<\/p>\n<p>Sollte die Farbe nicht in euer Konzept passen, l\u00e4sst sich diese gegen einen Aufpreis von 5 \u20ac ganz nach euren W\u00fcnschen \u00e4ndern.<\/p>\n<div  style=' margin-top:30px; margin-bottom:30px;'  class='hr hr-custom hr-center hr-icon-yes   avia-builder-el-0  el_before_av_hr  avia-builder-el-first '><span class='hr-inner  inner-border-av-border-thin' style=' width:50px; max-width:45%;' ><span class='hr-inner-style'><\/span><\/span><span class='av-seperator-icon'  aria-hidden='true' data-av_icon='\ue808' data-av_iconfont='entypo-fontello'><\/span><span class='hr-inner  inner-border-av-border-thin' style=' width:50px; max-width:45%;' ><span class='hr-inner-style'><\/span><\/span><\/div>\n<p><span style=\"color: #9c8f6d; text-transform: uppercase; font-weight: bold;\">Wie l\u00e4uft die Bestellung ab?<\/span><\/p>\n<p>Nachdem Du das Poster in Deinem Wunschformat in den Warenkorb gelegt hast, gehe bitte zur Kasse und trage im Feld &#8220;Bestellnotiz&#8221; <strong>den Vornamen und\u00a0bis zu 12 Kinderzitate<\/strong>\u00a0ein, die unbedingt verewigt werden m\u00fcssen. Auf Wunsch schreibe mir auch das dazugeh\u00f6rige Kindesalter pro Zitat dazu. Die Texte sollten nicht zu lang sein, da sie sonst sehr klein dargestellt werden m\u00fcssen. Weniger ist bekanntlich mehr &#8211; solltest Du nicht so viele Spr\u00fcche haben, sind auch weniger Texte sch\u00f6n umsetzbar. Das Poster wird ganz individuell angepasst, so dass jeder sein eigenes Unikat bekommt.<\/p>\n<p><em>ALTERNATIV KANNST DU MIR NACH ABSENDEN DER BESTELLUNG AUCH EINE EMAIL MIT DEN PERSONALISIERUNGSDATEN SENDEN. BITTE VERMERKE UNBEDINGT DEINE BESTELLNUMMER.<\/em><\/p>\n<div  style=' margin-top:30px; margin-bottom:30px;'  class='hr hr-custom hr-center hr-icon-yes   avia-builder-el-1  el_after_av_hr  el_before_av_hr '><span class='hr-inner  inner-border-av-border-thin' style=' width:50px; max-width:45%;' ><span class='hr-inner-style'><\/span><\/span><span class='av-seperator-icon'  aria-hidden='true' data-av_icon='\ue808' data-av_iconfont='entypo-fontello'><\/span><span class='hr-inner  inner-border-av-border-thin' style=' width:50px; max-width:45%;' ><span class='hr-inner-style'><\/span><\/span><\/div>\n<p>Nach Zahlungseingang mache ich mich an die Arbeit und schicke Dir vorab einen Entwurf zur Freigabe. Nach Freigabe Deinerseits geht der Auftrag an die Druckerei bzw. sende ich Dir das druckfertige PDF per eMail.<\/p>\n<div  style=' margin-top:30px; margin-bottom:30px;'  class='hr hr-custom hr-center hr-icon-yes   avia-builder-el-2  el_after_av_hr  el_before_av_hr '><span class='hr-inner  inner-border-av-border-thin' style=' width:50px; max-width:45%;' ><span class='hr-inner-style'><\/span><\/span><span class='av-seperator-icon'  aria-hidden='true' data-av_icon='\ue808' data-av_iconfont='entypo-fontello'><\/span><span class='hr-inner  inner-border-av-border-thin' style=' width:50px; max-width:45%;' ><span class='hr-inner-style'><\/span><\/span><\/div>\n<p><strong>Lieferumfang Prints:<\/strong><\/p>\n<ul>\n<li>Der Rahmen wird bei den Prints nicht mitgeliefert. Die Lieferung beinhaltet lediglich das gedruckte Produkt.<\/li>\n<li>Alle Printformate werden als Qualit\u00e4tsdruck, matt auf 250 g Papier gedruckt. Es handelt sich um einen Posterdruck.<\/li>\n<\/ul>\n<p><strong>Digitale Produkte<\/strong> werden standardm\u00e4\u00dfig per eMail im pdf Format verschickt. Solltest Du stattdessen (oder auch) die .jpg-Version ben\u00f6tigen, hinterlasse bitte einen entsprechenden Hinweis im Notizfeld an der Kasse.<\/p>\n<div  style=' margin-top:30px; margin-bottom:30px;'  class='hr hr-custom hr-center hr-icon-yes   avia-builder-el-3  el_after_av_hr  avia-builder-el-last '><span class='hr-inner  inner-border-av-border-thin' style=' width:50px; max-width:45%;' ><span class='hr-inner-style'><\/span><\/span><span class='av-seperator-icon'  aria-hidden='true' data-av_icon='\ue808' data-av_iconfont='entypo-fontello'><\/span><span class='hr-inner  inner-border-av-border-thin' style=' width:50px; max-width:45%;' ><span class='hr-inner-style'><\/span><\/span><\/div>\n<p><strong>LIEFERZEITEN-HINWEIS:<\/strong><\/p>\n<p>Meine Lieferzeiten sind ungef\u00e4hre Richtzeiten, je nachdem wie die Kapazit\u00e4ten sind. Auf Anfrage kann ich aber auch mal den ein oder anderen Auftrag vorziehen und schneller bearbeiten. Am besten einfach anfragen, dann kann ich euch direkt sagen, wie schnell eine Lieferung m\u00f6glich ist. Als Werktage gelten Montag bis Freitag, Samstag nur in Ausnahmef\u00e4llen.<\/p>\n<p><span style=\"color: #9c8f6d; text-transform: uppercase; font-weight: bold;\">Preis\u00fcbersicht Poster SPR\u00dcCHEKLOPFER<\/span><\/p>\n<p>Hochaufl\u00f6sendes Digital-PDF, wahlweise in A4\/A3\/A2\u00a0 \u2013 24,90 \u20ac<br \/>\nPrint Kinderzitate DIN A4 \u2013 28,90 \u20ac<br \/>\nPrint Kinderzitate DIN A3 \u2013 32,90 \u20ac<br \/>\nPrint Kinderzitate DIN A2 \u2013 35,90 \u20ac<br \/>\nPrint Kinderzitate DIN A1 \u2013 39,90 \u20ac<\/p>\n<p>Preise inkl. ges. MwSt. \/ Prints zzgl. Versandkosten<\/p>\n","protected":false},"excerpt":{"rendered":"<p><span style=\"font-size: 0.9em;\">Lieferzeit PDF: ca. 2-4 Werktage ab Zahlungseingang, Lieferzeit Print: ca. 8-10 Werktage ab Zahlungseingang<\/span><\/p>\n[av_font_icon icon='ue808' font='entypo-fontello' style='' caption='' link='' linktarget='' size='20px' position='left' color='' admin_preview_bg=''][\/av_font_icon]\n<p>Poster Kinderzitate &#8220;Spr\u00fccheklopfer&#8221; | Scandi Style<\/p>\n","protected":false},"featured_media":3404,"comment_status":"open","ping_status":"closed","template":"","meta":{"_monsterinsights_skip_tracking":false,"_monsterinsights_sitenote_active":false,"_monsterinsights_sitenote_note":"","_monsterinsights_sitenote_category":0},"product_cat":[270,113],"product_tag":[115,114,116],"class_list":{"0":"post-3326","1":"product","2":"type-product","3":"status-publish","4":"has-post-thumbnail","6":"product_cat-fuer-kinder","7":"product_cat-kinderzitate","8":"product_tag-kindersprueche","9":"product_tag-kinderzitate","10":"product_tag-skandinavisch","11":"product_shipping_class-paket-bis-5kg","12":"tm-has-options","14":"first","15":"instock","16":"taxable","17":"shipping-taxable","18":"purchasable","19":"product-type-variable"},"_links":{"self":[{"href":"https:\/\/chalkboards.de\/index.php\/wp-json\/wp\/v2\/product\/3326"}],"collection":[{"href":"https:\/\/chalkboards.de\/index.php\/wp-json\/wp\/v2\/product"}],"about":[{"href":"https:\/\/chalkboards.de\/index.php\/wp-json\/wp\/v2\/types\/product"}],"replies":[{"embeddable":true,"href":"https:\/\/chalkboards.de\/index.php\/wp-json\/wp\/v2\/comments?post=3326"}],"wp:featuredmedia":[{"embeddable":true,"href":"https:\/\/chalkboards.de\/index.php\/wp-json\/wp\/v2\/media\/3404"}],"wp:attachment":[{"href":"https:\/\/chalkboards.de\/index.php\/wp-json\/wp\/v2\/media?parent=3326"}],"wp:term":[{"taxonomy":"product_cat","embeddable":true,"href":"https:\/\/chalkboards.de\/index.php\/wp-json\/wp\/v2\/product_cat?post=3326"},{"taxonomy":"product_tag","embeddable":true,"href":"https:\/\/chalkboards.de\/index.php\/wp-json\/wp\/v2\/product_tag?post=3326"}],"curies":[{"name":"wp","href":"https:\/\/api.w.org\/{rel}","templated":true}]}}