{"id":3391,"date":"2018-10-12T21:42:10","date_gmt":"2018-10-12T19:42:10","guid":{"rendered":"https:\/\/chalkboards.de\/?post_type=product&#038;p=3391"},"modified":"2025-11-03T20:38:40","modified_gmt":"2025-11-03T19:38:40","slug":"meilensteintafel-zum-1-geburtstag-skandinavisch-blau-gold","status":"publish","type":"product","link":"https:\/\/chalkboards.de\/index.php\/produkt\/meilensteintafel-zum-1-geburtstag-skandinavisch-blau-gold\/","title":{"rendered":"Meilensteintafel zum 1. Geburtstag skandinavisch"},"content":{"rendered":"<p><span style=\"color: #9c8f6d; text-transform: uppercase; font-weight: bold;\">Personalisierte Meilensteintafel zum 1. Geburtstag im skandinavischen stil<\/span><\/p>\n<p>Hauptfarben: wei\u00df\/pastellblau\/gold\u00a0 ODER\u00a0 wei\u00df\/mint\/grau ODER wei\u00df\/altrosa\/grau<\/p>\n<p>Diese s\u00fc\u00dfe Meilensteintafel zum 1. Geburtstag wird f\u00fcr Deinen kleinen Schatz personalisiert und ist damit ein 100%iges Unikat. Sie ist absolut einzigartig und eine sch\u00f6ne und bleibende Erinnerung an den besondersten aller Geburtstage. Die Tafel kann f\u00fcr jeden beliebigen Geburtstag angepasst werden, auch die Kategorien lassen sich auf Wunsch individualisieren.<\/p>\n<p>Sollte die Farbe mal nicht in Dein Konzept passen, kannst Du diese gegen einen Aufpreis von 5 \u20ac ganz nach Deinen W\u00fcnschen \u00e4ndern lassen.<\/p>\n<p>Bitte beachte: Die auf der Meilensteintafel enthaltenen Details k\u00f6nnen aus designtechnischen Gr\u00fcnden nicht immer in der von Dir genannten Reihenfolge aufgef\u00fchrt werden. Ich werde aber versuchen, mich so gut wie m\u00f6glich danach zu orientieren. Sollten die von Dir genannten Daten nicht alle in die jeweilige Rubrik passen, werde ich Dir Bescheid geben damit Du diese k\u00fcrzen kannst.<\/p>\n<div  style=' margin-top:30px; margin-bottom:30px;'  class='hr hr-custom hr-center hr-icon-yes   avia-builder-el-0  el_before_av_hr  avia-builder-el-first '><span class='hr-inner  inner-border-av-border-thin' style=' width:50px; max-width:45%;' ><span class='hr-inner-style'><\/span><\/span><span class='av-seperator-icon'  aria-hidden='true' data-av_icon='\ue808' data-av_iconfont='entypo-fontello'><\/span><span class='hr-inner  inner-border-av-border-thin' style=' width:50px; max-width:45%;' ><span class='hr-inner-style'><\/span><\/span><\/div>\n<p><span style=\"color: #9c8f6d; text-transform: uppercase; font-weight: bold;\">Wie l\u00e4uft die Bestellung ab?<\/span><\/p>\n<p>Nachdem Du die Meilensteintafel in den Warenkorb gelegt hast, gehe bitte zur Kasse und trage nachfolgende Personalisierungsinformationen in das Feld &#8220;Bestellnotiz&#8221; ein:<\/p>\n<p>&#8211; Vorname<br \/>\n&#8211; Geburtsdatum <em>oder<\/em> Datum des 1. Geburtstages<br \/>\n&#8211; Spitznamen<br \/>\n&#8211; Gr\u00f6\u00dfe in cm<br \/>\n&#8211; Gewicht in kg<br \/>\n&#8211; Anzahl Z\u00e4hnchen<br \/>\n&#8211; Die ersten W\u00f6rter<br \/>\n&#8211; Einige Lieblingsspielzeuge<br \/>\n&#8211; Lieblingsessen<br \/>\n&#8211; Ein paar Sachen die Dein Baby gerne mag (Ich liebe&#8230;)<br \/>\n&#8211; Ein paar Sachen die Dein Baby schon kann (Ich kann&#8230;)<\/p>\n<p><em>ALTERNATIV KANNST DU MIR NACH ABSENDEN DER BESTELLUNG AUCH EINE EMAIL MIT DEN PERSONALISIERUNGSDATEN SENDEN. BITTE VERMERKE UNBEDINGT DEINE BESTELLNUMMER.<\/em><\/p>\n<div  style=' margin-top:30px; margin-bottom:30px;'  class='hr hr-custom hr-center hr-icon-yes   avia-builder-el-1  el_after_av_hr  avia-builder-el-last '><span class='hr-inner  inner-border-av-border-thin' style=' width:50px; max-width:45%;' ><span class='hr-inner-style'><\/span><\/span><span class='av-seperator-icon'  aria-hidden='true' data-av_icon='\ue808' data-av_iconfont='entypo-fontello'><\/span><span class='hr-inner  inner-border-av-border-thin' style=' width:50px; max-width:45%;' ><span class='hr-inner-style'><\/span><\/span><\/div>\n<p>Die Meilensteintafel kann f\u00fcr jedes Alter erstellt werden. Alle Kategorien lassen sich nat\u00fcrlich auch individuell anpassen. Im Anschluss zu Deiner Bestellung erstelle ich einen Entwurf zur Freigabe und sende Dir diesen per E-Mail zu. Erst nach Deiner Freigabe geht der Auftrag an die Druckerei bzw. sende ich Dir das druckfertige PDF per eMail. \u00dcber den aktuellen Versandstatus halte ich Dich auf dem Laufenden.<\/p>\n<p><strong>DRUCKMATERIAL &amp; FORMATE:<\/strong><\/p>\n<ul>\n<li style=\"list-style-type: none;\">\n<ul>\n<li><strong>230g Premiumpapier matt (alle Formate)<\/strong><br \/>\nExklusives und hochwertiges Premiumpapier (extrem mattes Finish, sehr edel und beste Farbwiedergabe)<\/li>\n<li><strong>250g Standard Bilderdruckpapier (A2 und A1)<\/strong><br \/>\nQualit\u00e4tsdruck auf 250g Bilderdruckpapier\/matt. Durch die Papierbeschaffenheit l\u00e4sst sich ein leichter Oberfl\u00e4chenglanz nicht verhindern. F\u00fcr eine extra matte Oberfl\u00e4che empfehlen wir unser exklusives 230 g Premiumpapier.<\/li>\n<\/ul>\n<\/li>\n<\/ul>\n<p>Sondermaterialien (z.B. Alu-Dibond, Acryl) sind auf Anfrage und gegen Aufpreis m\u00f6glich.<\/p>\n<p><strong>BITTE BEACHTE NOCH FOLGENDES:<\/strong><\/p>\n<ul>\n<li style=\"list-style-type: none;\">\n<ul>\n<li>Digitale Produkte werden standardm\u00e4\u00dfig per E-Mail im pdf-Format verschickt. Solltest Du stattdessen die .jpg-Version ben\u00f6tigen, hinterlasse bitte einen entsprechenden Hinweis im Notizfeld an der Kasse.<\/li>\n<li>Je nach Bildschirmdarstellung k\u00f6nnen die Farben leicht voneinander abweichen.<\/li>\n<li>Rahmen bzw. Posterleisten werden bei den Prints nicht mitgeliefert. Die Lieferung beinhaltet lediglich das gedruckte Produkt.<\/li>\n<\/ul>\n<\/li>\n<\/ul>\n<p><strong>LIEFERZEITEN-HINWEIS:<\/strong><\/p>\n<p>Meine Lieferzeiten sind ungef\u00e4hre Richtzeiten, je nachdem wie die Kapazit\u00e4ten sind. Auf Anfrage kann ich aber auch mal den ein oder anderen Auftrag vorziehen und schneller bearbeiten. Am besten einfach anfragen, dann kann ich euch direkt sagen, wie schnell eine Lieferung m\u00f6glich ist. Als Werktage gelten Montag bis Freitag, Samstag nur in Ausnahmef\u00e4llen.<\/p>\n<p><span style=\"color: #9c8f6d; text-transform: uppercase; font-weight: bold;\">Preis\u00fcbersicht MEILENSTEINTAFELN:<\/span><\/p>\n<p>Hochaufl\u00f6sendes Digital-PDF zum selber ausdrucken \u2013 ab 19,90 \u20ac<br \/>\nPrint Chalkboard zum 1. Geburtstag DIN A4 \u2013 ab 26,90 \u20ac<br \/>\nPrint Chalkboard zum 1. Geburtstag DIN A3 \u2013 ab 30,90 \u20ac<br \/>\nPrint Chalkboard zum 1. Geburtstag DIN A2 \u2013 ab 33,90 \u20ac<br \/>\nPrint Chalkboard zum 1. Geburtstag DIN A1 \u2013 ab 36,90 \u20ac<\/p>\n<p>Preise inkl. ges. MwSt. \/ Prints zzgl. Versandkosten<\/p>\n","protected":false},"excerpt":{"rendered":"[av_font_icon icon='ue808' font='entypo-fontello' style='' caption='' link='' linktarget='' size='20px' position='left' color='' admin_preview_bg=''][\/av_font_icon]\n<p>Meilensteintafel skandinavisch zum 1. Geburtstag | Hauptfarben: wei\u00df\/pastellblau\/gold\u00a0 | wei\u00df\/mint\/grau | wei\u00df\/altrosa\/grau | personalisiert<\/p>\n","protected":false},"featured_media":3399,"comment_status":"open","ping_status":"closed","template":"","meta":{"_monsterinsights_skip_tracking":false,"_monsterinsights_sitenote_active":false,"_monsterinsights_sitenote_note":"","_monsterinsights_sitenote_category":0},"product_cat":[270,24],"product_tag":[76,77,117,116,118],"class_list":{"0":"post-3391","1":"product","2":"type-product","3":"status-publish","4":"has-post-thumbnail","6":"product_cat-fuer-kinder","7":"product_cat-baby-chalkboards","8":"product_tag-baby-chalkboard","9":"product_tag-babyposter","10":"product_tag-meilensteintafel","11":"product_tag-skandinavisch","12":"product_tag-whiteboard","13":"product_shipping_class-paket-bis-5kg","14":"tm-has-options","16":"first","17":"instock","18":"taxable","19":"shipping-taxable","20":"purchasable","21":"product-type-variable"},"_links":{"self":[{"href":"https:\/\/chalkboards.de\/index.php\/wp-json\/wp\/v2\/product\/3391"}],"collection":[{"href":"https:\/\/chalkboards.de\/index.php\/wp-json\/wp\/v2\/product"}],"about":[{"href":"https:\/\/chalkboards.de\/index.php\/wp-json\/wp\/v2\/types\/product"}],"replies":[{"embeddable":true,"href":"https:\/\/chalkboards.de\/index.php\/wp-json\/wp\/v2\/comments?post=3391"}],"wp:featuredmedia":[{"embeddable":true,"href":"https:\/\/chalkboards.de\/index.php\/wp-json\/wp\/v2\/media\/3399"}],"wp:attachment":[{"href":"https:\/\/chalkboards.de\/index.php\/wp-json\/wp\/v2\/media?parent=3391"}],"wp:term":[{"taxonomy":"product_cat","embeddable":true,"href":"https:\/\/chalkboards.de\/index.php\/wp-json\/wp\/v2\/product_cat?post=3391"},{"taxonomy":"product_tag","embeddable":true,"href":"https:\/\/chalkboards.de\/index.php\/wp-json\/wp\/v2\/product_tag?post=3391"}],"curies":[{"name":"wp","href":"https:\/\/api.w.org\/{rel}","templated":true}]}}