{"id":4158,"date":"2019-05-08T11:54:37","date_gmt":"2019-05-08T09:54:37","guid":{"rendered":"https:\/\/chalkboards.de\/?post_type=product&#038;p=4158"},"modified":"2023-03-05T20:19:30","modified_gmt":"2023-03-05T19:19:30","slug":"sitzplan-hochzeit-hochzeitsschild-weiss","status":"publish","type":"product","link":"https:\/\/chalkboards.de\/index.php\/produkt\/sitzplan-hochzeit-hochzeitsschild-weiss\/","title":{"rendered":"Sitzplan Hochzeit \/ Hochzeitsschild weiss"},"content":{"rendered":"<p><span style=\"color: #9c8f6d; text-transform: uppercase; font-weight: bold;\">Personalisiertes Hochzeitsschild &#8220;Sitzplan&#8221;<\/span><\/p>\n<p>Passend zum Willkommensschild zur Hochzeit ist auch ein Sitzplan in Wunschgr\u00f6\u00dfe erh\u00e4ltlich.<\/p>\n<p>Das Poster wird f\u00fcr das Brautpaar personalisiert und ist in folgenden Formaten erh\u00e4ltlich:<\/p>\n<p><strong>Digital-PDF<\/strong><br \/>\nDIN A4\/A3\/A2\/A1 &#8211; 24,90<\/p>\n<p><strong>Fertig gedruckter Print<\/strong> (ohne Bilderrahmen)<br \/>\nDIN A3 &#8211; 29,90<br \/>\nDIN A2 &#8211; 34,90<br \/>\nDIN A1 &#8211; 39,90<\/p>\n<p>M\u00f6chtest Du den Sitzplan zum Beispiel auf Leinwand drucken lassen, bestelle am besten das PDF in Deinem Wunschformat. Auch Sonderformate sind auf Anfrage m\u00f6glich.<\/p>\n<p>F\u00fcr die Personalisierung ben\u00f6tige ich folgende Daten:<\/p>\n<ul>\n<li>Vornamen des Brautpaares<\/li>\n<li>Datum der Hochzeitsfeier<\/li>\n<\/ul>\n<p>Bitte sende mir <strong>zus\u00e4tzlich<\/strong> die Tischaufteilung \u00fcbersichtlich geordnet und in der gew\u00fcnschten Reihenfolge per eMail an mail(at)chalkboards.de<\/p>\n<p><strong>Lieferumfang Prints:<\/strong><\/p>\n<ul>\n<li>Der Rahmen wird bei den Prints nicht mitgeliefert. Die Lieferung beinhaltet lediglich das gedruckte Produkt.<\/li>\n<li>Alle Printformate werden als Qualit\u00e4tsdruck, matt auf 250 g Papier gedruckt. Es handelt sich um einen Posterdruck.<\/li>\n<\/ul>\n<p><strong>Digitale Produkte<\/strong> werden standardm\u00e4\u00dfig per eMail im PDF Format verschickt. Solltest Du stattdessen die .JPG-Version ben\u00f6tigen, hinterlasse bitte einen entsprechenden Hinweis im Notizfeld an der Kasse.<\/p>\n<p>&nbsp;<\/p>\n","protected":false},"excerpt":{"rendered":"<p><span style=\"font-size: 0.9em;\">Lieferzeit PDF:\u00a0ca. 3 Werktage ab Zahlungseingang, Lieferzeit Print: ca. 7-10 Werktage ab Zahlungseingang<\/span><\/p>\n[av_font_icon icon='ue808' font='entypo-fontello' style='' caption='' link='' linktarget='' size='20px' position='left' color='' admin_preview_bg=''][\/av_font_icon]\n<p>Hochzeitsschild \/ Sitzplan zur Hochzeit weiss | personalisiert<\/p>\n","protected":false},"featured_media":4166,"comment_status":"open","ping_status":"closed","template":"","meta":{"_monsterinsights_skip_tracking":false,"_monsterinsights_sitenote_active":false,"_monsterinsights_sitenote_note":"","_monsterinsights_sitenote_category":0},"product_cat":[102],"product_tag":[54,103,118],"class_list":{"0":"post-4158","1":"product","2":"type-product","3":"status-publish","4":"has-post-thumbnail","6":"product_cat-hochzeit","7":"product_tag-chalkboard","8":"product_tag-hochzeit","9":"product_tag-whiteboard","10":"product_shipping_class-paket-bis-5kg","11":"tm-has-options","13":"first","14":"instock","15":"featured","16":"taxable","17":"shipping-taxable","18":"purchasable","19":"product-type-variable"},"_links":{"self":[{"href":"https:\/\/chalkboards.de\/index.php\/wp-json\/wp\/v2\/product\/4158"}],"collection":[{"href":"https:\/\/chalkboards.de\/index.php\/wp-json\/wp\/v2\/product"}],"about":[{"href":"https:\/\/chalkboards.de\/index.php\/wp-json\/wp\/v2\/types\/product"}],"replies":[{"embeddable":true,"href":"https:\/\/chalkboards.de\/index.php\/wp-json\/wp\/v2\/comments?post=4158"}],"wp:featuredmedia":[{"embeddable":true,"href":"https:\/\/chalkboards.de\/index.php\/wp-json\/wp\/v2\/media\/4166"}],"wp:attachment":[{"href":"https:\/\/chalkboards.de\/index.php\/wp-json\/wp\/v2\/media?parent=4158"}],"wp:term":[{"taxonomy":"product_cat","embeddable":true,"href":"https:\/\/chalkboards.de\/index.php\/wp-json\/wp\/v2\/product_cat?post=4158"},{"taxonomy":"product_tag","embeddable":true,"href":"https:\/\/chalkboards.de\/index.php\/wp-json\/wp\/v2\/product_tag?post=4158"}],"curies":[{"name":"wp","href":"https:\/\/api.w.org\/{rel}","templated":true}]}}