{"id":4919,"date":"2019-12-28T20:05:34","date_gmt":"2019-12-28T19:05:34","guid":{"rendered":"https:\/\/chalkboards.de\/?post_type=product&#038;p=4919"},"modified":"2024-10-22T03:10:22","modified_gmt":"2024-10-22T01:10:22","slug":"karte-zur-geburt-tuerkis-postkarte-digital","status":"publish","type":"product","link":"https:\/\/chalkboards.de\/index.php\/produkt\/karte-zur-geburt-tuerkis-postkarte-digital\/","title":{"rendered":"Karte zur Geburt t\u00fcrkis (Postkarte digital)"},"content":{"rendered":"<p><span style=\"color: #9c8f6d; text-transform: uppercase; font-weight: bold;\">Karte zur Geburt als digitale Datei im PDF und\/oder JPG Format<\/span><\/p>\n<p>Hauptfarben: t\u00fcrkis\/schwarz\/wei\u00df<\/p>\n<p>Mit dieser zauberhaften Geburtskarte k\u00f6nnt ihr die Ankunft eures kleinen Schatzes geb\u00fchrend und stilvoll verk\u00fcnden! Alle wichtigen Angaben finden sich darauf und auch ein kleines Bildchen findet seinen Platz. Die Karten werden nach den von Dir genannten Angaben personalisiert und gemeinsam bis zur finalen Freigabe abgestimmt. Auch Text\u00e4nderungen sind selbstverst\u00e4ndlich m\u00f6glich. Wichtig ist, dass Du am Ende komplett zufrieden mit dem Ergebnis bist.<\/p>\n<p>Sollte die Farbe nicht in Dein Konzept passen, kannst Du diese gegen einen Aufpreis von 5 \u20ac ganz nach Deinen W\u00fcnschen \u00e4ndern lassen. M\u00f6chtest Du die Karten selber in einer Druckerei Deiner Wahl drucken lassen, kannst Du auch die R\u00fcckseite auf Wunsch gestalten lassen. W\u00e4hle hierf\u00fcr die Option &#8220;Text auf R\u00fcckseite&#8221; aus.<\/p>\n<div  style=' margin-top:30px; margin-bottom:30px;'  class='hr hr-custom hr-center hr-icon-yes   avia-builder-el-0  el_before_av_hr  avia-builder-el-first '><span class='hr-inner  inner-border-av-border-thin' style=' width:50px; max-width:45%;' ><span class='hr-inner-style'><\/span><\/span><span class='av-seperator-icon'  aria-hidden='true' data-av_icon='\ue808' data-av_iconfont='entypo-fontello'><\/span><span class='hr-inner  inner-border-av-border-thin' style=' width:50px; max-width:45%;' ><span class='hr-inner-style'><\/span><\/span><\/div>\n<p><span style=\"color: #9c8f6d; text-transform: uppercase; font-weight: bold;\">Wie l\u00e4uft die Bestellung ab?<\/span><\/p>\n<p>Nachdem Du die Geburtskarten in dem gew\u00fcnschten Format in den Warenkorb gelegt hast, gehe bitte zur Kasse und trage nachfolgende Personalisierungsinformationen in das Feld &#8220;Bestellnotiz&#8221; ein:<\/p>\n<p>&#8211; Vorname (ggf. auch Nachname)<br \/>\n&#8211; Geburtsdatum<br \/>\n&#8211; Geburtszeit<br \/>\n&#8211; Gewicht<br \/>\n&#8211; Gr\u00f6\u00dfe<br \/>\n&#8211; Namen der Eltern<br \/>\n&#8211; optional: Deine Wunschfarbe, gerne auch direkt als #hexcode<br \/>\n&#8211; optional: Text f\u00fcr Kartenr\u00fcckseite<\/p>\n<p>Sende mir per E-Mail (mail@chalkboards.de) ein Foto in ausreichender Aufl\u00f6sung. Wenn Du unsicher bist ob die Aufl\u00f6sung ausreicht, pr\u00fcfe ich die Bilddatei gerne vorab.<\/p>\n<p><em>ALTERNATIV KANNST DU MIR NACH ABSENDEN DER BESTELLUNG AUCH EINE EMAIL MIT ALLEN PERSONALISIERUNGSDATEN SAMT FOTO SENDEN. BITTE VERMERKE UNBEDINGT DEINE BESTELLNUMMER.<\/em><\/p>\n<div  style=' margin-top:30px; margin-bottom:30px;'  class='hr hr-custom hr-center hr-icon-yes   avia-builder-el-1  el_after_av_hr  avia-builder-el-last '><span class='hr-inner  inner-border-av-border-thin' style=' width:50px; max-width:45%;' ><span class='hr-inner-style'><\/span><\/span><span class='av-seperator-icon'  aria-hidden='true' data-av_icon='\ue808' data-av_iconfont='entypo-fontello'><\/span><span class='hr-inner  inner-border-av-border-thin' style=' width:50px; max-width:45%;' ><span class='hr-inner-style'><\/span><\/span><\/div>\n<p>Nach Zahlungseingang und sobald mir die o.g. Infos vorliegen, fertige ich innerhalb von 3 Werktagen einen Entwurf an und sende Dir diesen vorab zu Ansicht zu. Nach schriftlicher Freigabe Deinerseits sende ich Dir die druckfertige Datei in Deinem Wunschformat zu. Danach hast Du die M\u00f6glichkeit, die Datei selber in einer Druckerei, am heimischen Drucker oder in einem Copyshop zu drucken &#8211; oder sie direkt digital zu versenden.<\/p>\n<p><strong>Produktions- und Lieferzeit DIGITALE VERSION: ca. 3 Werktage ab Zahlungseingang<\/strong><strong><br \/>\n<\/strong><\/p>\n<p>Die Karte ist auch in der\u00a0<a href=\"https:\/\/chalkboards.de\/index.php\/produkt\/karte-zur-geburt-tuerkis\/\">gedruckten Version<\/a>\u00a0erh\u00e4ltlich, auf Wunsch mit passenden und hochwertigen Graspapier-Umschl\u00e4gen!<\/p>\n","protected":false},"excerpt":{"rendered":"<p><span style=\"font-size: 0.9em;\">Digitale Datei (Versand erfolgt per E-Mail \/ kein Postversand!)<\/span><\/p>\n[av_font_icon icon='ue808' font='entypo-fontello' style='' caption='' link='' linktarget='' size='20px' position='left' color='' admin_preview_bg=''][\/av_font_icon]\n<p>Karte zur Geburt digital (PDF\/JPG) | Hauptfarben: t\u00fcrkis\/schwarz\/wei\u00df | personalisiert<\/p>\n","protected":false},"featured_media":4936,"comment_status":"open","ping_status":"closed","template":"","meta":{"_monsterinsights_skip_tracking":false,"_monsterinsights_sitenote_active":false,"_monsterinsights_sitenote_note":"","_monsterinsights_sitenote_category":0},"product_cat":[270,126,144,252],"product_tag":[145,146,147,148],"class_list":{"0":"post-4919","1":"product","2":"type-product","3":"status-publish","4":"has-post-thumbnail","6":"product_cat-fuer-kinder","7":"product_cat-geburt","8":"product_cat-karten-fuer-kinder","9":"product_cat-sale","10":"product_tag-geburt","11":"product_tag-geburtskarte","12":"product_tag-karten-fuer-kinder","13":"product_tag-postkarten","14":"product_shipping_class-paket-bis-5kg","15":"tm-has-options","17":"first","18":"instock","19":"sale","20":"taxable","21":"shipping-taxable","22":"purchasable","23":"product-type-variable"},"_links":{"self":[{"href":"https:\/\/chalkboards.de\/index.php\/wp-json\/wp\/v2\/product\/4919"}],"collection":[{"href":"https:\/\/chalkboards.de\/index.php\/wp-json\/wp\/v2\/product"}],"about":[{"href":"https:\/\/chalkboards.de\/index.php\/wp-json\/wp\/v2\/types\/product"}],"replies":[{"embeddable":true,"href":"https:\/\/chalkboards.de\/index.php\/wp-json\/wp\/v2\/comments?post=4919"}],"wp:featuredmedia":[{"embeddable":true,"href":"https:\/\/chalkboards.de\/index.php\/wp-json\/wp\/v2\/media\/4936"}],"wp:attachment":[{"href":"https:\/\/chalkboards.de\/index.php\/wp-json\/wp\/v2\/media?parent=4919"}],"wp:term":[{"taxonomy":"product_cat","embeddable":true,"href":"https:\/\/chalkboards.de\/index.php\/wp-json\/wp\/v2\/product_cat?post=4919"},{"taxonomy":"product_tag","embeddable":true,"href":"https:\/\/chalkboards.de\/index.php\/wp-json\/wp\/v2\/product_tag?post=4919"}],"curies":[{"name":"wp","href":"https:\/\/api.w.org\/{rel}","templated":true}]}}