{"id":9771,"date":"2023-09-18T09:47:53","date_gmt":"2023-09-18T07:47:53","guid":{"rendered":"https:\/\/chalkboards.de\/?post_type=product&#038;p=9771"},"modified":"2025-11-03T20:38:03","modified_gmt":"2025-11-03T19:38:03","slug":"meilensteintafel-zwillinge-geburtstafel-in-verschiedenen-farben","status":"publish","type":"product","link":"https:\/\/chalkboards.de\/index.php\/produkt\/meilensteintafel-zwillinge-geburtstafel-in-verschiedenen-farben\/","title":{"rendered":"Meilensteintafel Zwillinge \/ Geburtstafel in verschiedenen Farben"},"content":{"rendered":"<p><span style=\"color: #9c8f6d; text-transform: uppercase; font-weight: bold;\">Personalisierte Meilensteintafel f\u00fcr Zwillinge zum 1.\/2.\/3&#8230;. Geburtstag<\/span><\/p>\n<p>Einzigartig und ganz individuell f\u00fcr Zwillinge erstellt &#8211; diese s\u00fc\u00dfe Meilensteintafel zum 1. Geburtstag (oder jedes andere Alter) wird nach Deinen Vorgaben personalisiert und ist eine wundervolle, bleibende Erinnerung an einen ganz besonderen Geburtstag. Alle wichtigen Highlights zur Geburt und die erreichten Meilensteine sind enthalten. Jede Tafel wird mit ganz viel Liebe erstellt &#8211; bis sie perfekt f\u00fcr Dich ist. Falls Du Patenonkel oder Patentante wirst, ist die Meilensteintafel ein wunderbares und sehr pers\u00f6nliches Geschenk und wird garantiert f\u00fcr leuchtende Augen sorgen.<\/p>\n<style type=\"text\/css\">\r\n\t#foogallery-gallery-9783 .fg-image {\r\n        width: 80px;\r\n    }\r\n<\/style>\r\n\t\t\t\t<div class=\"foogallery foogallery-container foogallery-default foogallery-lightbox-foogallery fg-gutter-10 fg-center fg-default fg-light fg-border-thin fg-shadow-outline fg-loading-default fg-loaded-fade-in fg-caption-hover fg-hover-fade fg-hover-zoom fg-ready\" id=\"foogallery-gallery-9783\" data-foogallery=\"{&quot;item&quot;:{&quot;showCaptionTitle&quot;:true,&quot;showCaptionDescription&quot;:true},&quot;lazy&quot;:true}\" data-foogallery-lightbox=\"{&quot;thumbs&quot;:&quot;bottom&quot;,&quot;thumbsCaptions&quot;:false,&quot;thumbsBestFit&quot;:false,&quot;thumbsSmall&quot;:false,&quot;thumbsCaptionsAlign&quot;:&quot;default&quot;,&quot;info&quot;:&quot;bottom&quot;,&quot;infoVisible&quot;:true,&quot;infoOverlay&quot;:true,&quot;infoAlign&quot;:&quot;default&quot;,&quot;transition&quot;:&quot;fade&quot;,&quot;hoverButtons&quot;:false,&quot;fitMedia&quot;:false,&quot;noScrollbars&quot;:true,&quot;preserveButtonSpace&quot;:true,&quot;buttons&quot;:{&quot;fullscreen&quot;:true,&quot;info&quot;:true,&quot;thumbs&quot;:false},&quot;video&quot;:{&quot;autoPlay&quot;:true}}\" >\r\n\t<div class=\"fg-item fg-type-image fg-idle\"><figure class=\"fg-item-inner\"><a href=\"https:\/\/chalkboards.de\/wp-content\/uploads\/2023\/09\/2_MST_Zwillinge.webp\" target=\"foobox\" data-attachment-id=\"9757\" data-type=\"image\" class=\"fg-thumb\"><span class=\"fg-image-wrap\"><img decoding=\"async\" width=\"80\" height=\"80\" class=\"skip-lazy fg-image\" data-src-fg=\"https:\/\/chalkboards.de\/wp-content\/uploads\/cache\/2023\/09\/2_MST_Zwillinge\/524239376.webp\" src=\"data:image\/svg+xml,%3Csvg%20xmlns%3D%22http%3A%2F%2Fwww.w3.org%2F2000%2Fsvg%22%20width%3D%2280%22%20height%3D%2280%22%20viewBox%3D%220%200%2080%2080%22%3E%3C%2Fsvg%3E\" loading=\"eager\"><\/span><span class=\"fg-image-overlay\"><\/span><\/a><figcaption class=\"fg-caption\"><div class=\"fg-caption-inner\"><\/div><\/figcaption><\/figure><div class=\"fg-loader\"><\/div><\/div><div class=\"fg-item fg-type-image fg-idle\"><figure class=\"fg-item-inner\"><a href=\"https:\/\/chalkboards.de\/wp-content\/uploads\/2023\/09\/2a_MST_Zwillinge1.webp\" data-attachment-id=\"9758\" data-type=\"image\" class=\"fg-thumb\"><span class=\"fg-image-wrap\"><img decoding=\"async\" width=\"80\" height=\"80\" class=\"skip-lazy fg-image\" data-src-fg=\"https:\/\/chalkboards.de\/wp-content\/uploads\/cache\/2023\/09\/2a_MST_Zwillinge1\/2725412592.webp\" src=\"data:image\/svg+xml,%3Csvg%20xmlns%3D%22http%3A%2F%2Fwww.w3.org%2F2000%2Fsvg%22%20width%3D%2280%22%20height%3D%2280%22%20viewBox%3D%220%200%2080%2080%22%3E%3C%2Fsvg%3E\" loading=\"eager\"><\/span><span class=\"fg-image-overlay\"><\/span><\/a><figcaption class=\"fg-caption\"><div class=\"fg-caption-inner\"><\/div><\/figcaption><\/figure><div class=\"fg-loader\"><\/div><\/div><div class=\"fg-item fg-type-image fg-idle\"><figure class=\"fg-item-inner\"><a href=\"https:\/\/chalkboards.de\/wp-content\/uploads\/2023\/09\/2a_MST_Zwillinge2.webp\" data-attachment-id=\"9759\" data-type=\"image\" class=\"fg-thumb\"><span class=\"fg-image-wrap\"><img decoding=\"async\" width=\"80\" height=\"80\" class=\"skip-lazy fg-image\" data-src-fg=\"https:\/\/chalkboards.de\/wp-content\/uploads\/cache\/2023\/09\/2a_MST_Zwillinge2\/2240808139.webp\" src=\"data:image\/svg+xml,%3Csvg%20xmlns%3D%22http%3A%2F%2Fwww.w3.org%2F2000%2Fsvg%22%20width%3D%2280%22%20height%3D%2280%22%20viewBox%3D%220%200%2080%2080%22%3E%3C%2Fsvg%3E\" loading=\"eager\"><\/span><span class=\"fg-image-overlay\"><\/span><\/a><figcaption class=\"fg-caption\"><div class=\"fg-caption-inner\"><\/div><\/figcaption><\/figure><div class=\"fg-loader\"><\/div><\/div><div class=\"fg-item fg-type-image fg-idle\"><figure class=\"fg-item-inner\"><a href=\"https:\/\/chalkboards.de\/wp-content\/uploads\/2023\/09\/3_MST_Zwillinge.webp\" data-attachment-id=\"9760\" data-type=\"image\" class=\"fg-thumb\"><span class=\"fg-image-wrap\"><img decoding=\"async\" width=\"80\" height=\"80\" class=\"skip-lazy fg-image\" data-src-fg=\"https:\/\/chalkboards.de\/wp-content\/uploads\/cache\/2023\/09\/3_MST_Zwillinge\/1156796756.webp\" src=\"data:image\/svg+xml,%3Csvg%20xmlns%3D%22http%3A%2F%2Fwww.w3.org%2F2000%2Fsvg%22%20width%3D%2280%22%20height%3D%2280%22%20viewBox%3D%220%200%2080%2080%22%3E%3C%2Fsvg%3E\" loading=\"eager\"><\/span><span class=\"fg-image-overlay\"><\/span><\/a><figcaption class=\"fg-caption\"><div class=\"fg-caption-inner\"><\/div><\/figcaption><\/figure><div class=\"fg-loader\"><\/div><\/div><div class=\"fg-item fg-type-image fg-idle\"><figure class=\"fg-item-inner\"><a href=\"https:\/\/chalkboards.de\/wp-content\/uploads\/2023\/09\/4_MST_Zwillinge.webp\" data-attachment-id=\"9761\" data-type=\"image\" class=\"fg-thumb\"><span class=\"fg-image-wrap\"><img decoding=\"async\" width=\"80\" height=\"80\" class=\"skip-lazy fg-image\" data-src-fg=\"https:\/\/chalkboards.de\/wp-content\/uploads\/cache\/2023\/09\/4_MST_Zwillinge\/3990535277.webp\" src=\"data:image\/svg+xml,%3Csvg%20xmlns%3D%22http%3A%2F%2Fwww.w3.org%2F2000%2Fsvg%22%20width%3D%2280%22%20height%3D%2280%22%20viewBox%3D%220%200%2080%2080%22%3E%3C%2Fsvg%3E\" loading=\"eager\"><\/span><span class=\"fg-image-overlay\"><\/span><\/a><figcaption class=\"fg-caption\"><div class=\"fg-caption-inner\"><\/div><\/figcaption><\/figure><div class=\"fg-loader\"><\/div><\/div><div class=\"fg-item fg-type-image fg-idle\"><figure class=\"fg-item-inner\"><a href=\"https:\/\/chalkboards.de\/wp-content\/uploads\/2023\/09\/5_MST_Zwillinge.webp\" data-attachment-id=\"9762\" data-type=\"image\" class=\"fg-thumb\"><span class=\"fg-image-wrap\"><img decoding=\"async\" width=\"80\" height=\"80\" class=\"skip-lazy fg-image\" data-src-fg=\"https:\/\/chalkboards.de\/wp-content\/uploads\/cache\/2023\/09\/5_MST_Zwillinge\/3446197825.webp\" src=\"data:image\/svg+xml,%3Csvg%20xmlns%3D%22http%3A%2F%2Fwww.w3.org%2F2000%2Fsvg%22%20width%3D%2280%22%20height%3D%2280%22%20viewBox%3D%220%200%2080%2080%22%3E%3C%2Fsvg%3E\" loading=\"eager\"><\/span><span class=\"fg-image-overlay\"><\/span><\/a><figcaption class=\"fg-caption\"><div class=\"fg-caption-inner\"><\/div><\/figcaption><\/figure><div class=\"fg-loader\"><\/div><\/div><div class=\"fg-item fg-type-image fg-idle\"><figure class=\"fg-item-inner\"><a href=\"https:\/\/chalkboards.de\/wp-content\/uploads\/2023\/09\/6_MST_Zwillinge.webp\" target=\"foobox\" data-attachment-id=\"9763\" data-type=\"image\" class=\"fg-thumb\"><span class=\"fg-image-wrap\"><img decoding=\"async\" width=\"80\" height=\"80\" class=\"skip-lazy fg-image\" data-src-fg=\"https:\/\/chalkboards.de\/wp-content\/uploads\/cache\/2023\/09\/6_MST_Zwillinge\/1679655659.webp\" src=\"data:image\/svg+xml,%3Csvg%20xmlns%3D%22http%3A%2F%2Fwww.w3.org%2F2000%2Fsvg%22%20width%3D%2280%22%20height%3D%2280%22%20viewBox%3D%220%200%2080%2080%22%3E%3C%2Fsvg%3E\" loading=\"eager\"><\/span><span class=\"fg-image-overlay\"><\/span><\/a><figcaption class=\"fg-caption\"><div class=\"fg-caption-inner\"><\/div><\/figcaption><\/figure><div class=\"fg-loader\"><\/div><\/div><\/div>\r\n\n<p>Es stehen verschiedene Farben zur Auswahl, selbstverst\u00e4ndlich ist die Tafel auch in Wunschfarbe (gegen Aufpreis) erstellbar.<\/p>\n<p>Die Meilensteintafel ist als pdf zum Selberausdrucken oder als fertig gedruckter Print erh\u00e4ltlich.<\/p>\n<div  style=' margin-top:30px; margin-bottom:30px;'  class='hr hr-custom hr-center hr-icon-yes   avia-builder-el-0  el_before_av_hr  avia-builder-el-first '><span class='hr-inner  inner-border-av-border-thin' style=' width:50px; max-width:45%;' ><span class='hr-inner-style'><\/span><\/span><span class='av-seperator-icon'  aria-hidden='true' data-av_icon='\ue808' data-av_iconfont='entypo-fontello'><\/span><span class='hr-inner  inner-border-av-border-thin' style=' width:50px; max-width:45%;' ><span class='hr-inner-style'><\/span><\/span><\/div>\n<p><span style=\"color: #9c8f6d; text-transform: uppercase; font-weight: bold;\">Wie l\u00e4uft die Bestellung ab?<\/span><\/p>\n<p>Nachdem Du den Artikel in den Warenkorb gelegt hast, gehe bitte zur Kasse und trage nachfolgende Personalisierungsinformationen in das Feld &#8220;Bestellnotiz&#8221; ein:<\/p>\n<p>\u2013 Vornamen<br \/>\n\u2013 Geburtsdatum<br \/>\n\u2013 Geburtsuhrzeiten<br \/>\n\u2013 Geburtsgr\u00f6\u00dfen in cm<br \/>\n\u2013 Geburtsgewichte in Gramm<br \/>\n\u2013 Geburtsort<br \/>\n\u2013 bis zu 6 Highlights die Dir\/Euch wichtig sind<br \/>\n\u2013 ggf. kurze (!) Widmung (siehe Beispielbild)<br \/>\n\u2013 Angabe ob Wimpel-Motiv oder Konfetti-Tupfer<\/p>\n<p>Zudem ben\u00f6tige ich noch zwei Bilder in Original-Qualit\u00e4t (bitte keine durch WhatsApp o.\u00e4. komprimierte Bilder). Sende mir diese bitte im Anschluss zu Deiner Bestellung per E-Mail.<\/p>\n<p>Solltest Du weitere individuelle W\u00fcnsche haben, frage gerne nach. Je nach Aufwand kommt ggf. eine kleine Kostenpauschale dazu.<\/p>\n<p>Im Anschluss zu Deiner Bestellung erstelle ich einen Entwurf zur Freigabe und sende Dir diesen per E-Mail zu. Erst nach Deiner Freigabe geht der Auftrag an die Druckerei bzw. sende ich Dir die druckfertige PDF-Datei per E-Mail. Bitte pr\u00fcfe unbedingt auch den Spam-Ordner, um Lieferverz\u00f6gerungen zu vermeiden. \u00dcber den aktuellen Versandstatus halte ich Dich auf dem Laufenden.<\/p>\n<p><em>ALTERNATIV KANNST DU MIR NACH ABSENDEN DER BESTELLUNG AUCH EINE EMAIL MIT DEN PERSONALISIERUNGSDATEN UND DEN FOTOS SENDEN. BITTE VERMERKE UNBEDINGT DEINE BESTELLNUMMER.<\/em><\/p>\n<div  style=' margin-top:30px; margin-bottom:30px;'  class='hr hr-custom hr-center hr-icon-yes   avia-builder-el-1  el_after_av_hr  avia-builder-el-last '><span class='hr-inner  inner-border-av-border-thin' style=' width:50px; max-width:45%;' ><span class='hr-inner-style'><\/span><\/span><span class='av-seperator-icon'  aria-hidden='true' data-av_icon='\ue808' data-av_iconfont='entypo-fontello'><\/span><span class='hr-inner  inner-border-av-border-thin' style=' width:50px; max-width:45%;' ><span class='hr-inner-style'><\/span><\/span><\/div>\n<p><strong>DRUCKMATERIAL &amp; FORMATE:<\/strong><\/p>\n<ul>\n<li style=\"list-style-type: none;\">\n<ul>\n<li><strong>230g Premiumpapier matt (alle Formate)<\/strong><br \/>\nExklusives und hochwertiges Premiumpapier (extrem mattes Finish, sehr edel und beste Farbwiedergabe)<\/li>\n<li><strong>250g Standard Bilderdruckpapier (A2 und A1)<\/strong><br \/>\nQualit\u00e4tsdruck auf 250g Bilderdruckpapier\/matt. Durch die Papierbeschaffenheit l\u00e4sst sich ein leichter Oberfl\u00e4chenglanz nicht verhindern. F\u00fcr eine extra matte Oberfl\u00e4che empfehlen wir unser exklusives 230 g Premiumpapier.<\/li>\n<\/ul>\n<\/li>\n<\/ul>\n<p>Sondermaterialien (z.B. Alu-Dibond, Acryl) sind auf Anfrage und gegen Aufpreis m\u00f6glich. Zu jedem Druck kannst Du auf Wunsch auch die PDF-Datei per E-Mail haben. Bitte bei Deiner Bestellung angeben.<\/p>\n<p><strong>BITTE BEACHTE NOCH FOLGENDES:<\/strong><\/p>\n<ul>\n<li style=\"list-style-type: none;\">\n<ul>\n<li>Digitale Produkte werden standardm\u00e4\u00dfig per E-Mail im pdf-Format verschickt. Solltest Du stattdessen die .jpg-Version ben\u00f6tigen, hinterlasse bitte einen entsprechenden Hinweis im Notizfeld an der Kasse.<\/li>\n<li>Je nach Bildschirmdarstellung k\u00f6nnen die Farben leicht voneinander abweichen.<\/li>\n<li>Rahmen bzw. Posterleisten werden bei den Prints nicht mitgeliefert. Die Lieferung beinhaltet lediglich das gedruckte Produkt.<\/li>\n<\/ul>\n<\/li>\n<\/ul>\n<p><strong>LIEFERZEITEN-HINWEIS:<\/strong><\/p>\n<p>Meine Lieferzeiten sind ungef\u00e4hre Richtzeiten, je nachdem wie die Kapazit\u00e4ten sind. Auf Anfrage kann ich aber auch mal den ein oder anderen Auftrag vorziehen und schneller bearbeiten. Am besten einfach anfragen, dann kann ich euch direkt sagen, wie schnell eine Lieferung m\u00f6glich ist. Als Werktage gelten Montag bis Freitag, Samstag nur in Ausnahmef\u00e4llen.<\/p>\n<p><span style=\"color: #9c8f6d; text-transform: uppercase; font-weight: bold;\">Preis\u00fcbersicht MEILENSTEINTAFELN ZWILLINGE:<\/span><\/p>\n<p>Hochaufl\u00f6sendes Digital-PDF zum selber ausdrucken \u2013 ab 26,90 \u20ac<br \/>\nPrint Chalkboard zum 1. Geburtstag DIN A4 \u2013 ab 32,90 \u20ac<br \/>\nPrint Chalkboard zum 1. Geburtstag DIN A3 \u2013 ab 35,90 \u20ac<br \/>\nPrint Chalkboard zum 1. Geburtstag DIN A2 \u2013 ab 42,90 \u20ac<br \/>\nPrint Chalkboard zum 1. Geburtstag DIN A1 \u2013 ab 46,90 \u20ac<\/p>\n<p>Preise inkl. ges. MwSt. \/ Prints zzgl. Versandkosten<\/p>\n","protected":false},"excerpt":{"rendered":"[av_font_icon icon='ue808' font='entypo-fontello' style='' caption='' link='' linktarget='' size='20px' position='left' color='' admin_preview_bg=''][\/av_font_icon]\n<p>Meilensteintafel f\u00fcr Zwillinge | personalisiert<\/p>\n","protected":false},"featured_media":9757,"comment_status":"open","ping_status":"closed","template":"","meta":{"_monsterinsights_skip_tracking":false,"_monsterinsights_sitenote_active":false,"_monsterinsights_sitenote_note":"","_monsterinsights_sitenote_category":0},"product_cat":[270,24,126],"product_tag":[76,77,117,118,218],"class_list":{"0":"post-9771","1":"product","2":"type-product","3":"status-publish","4":"has-post-thumbnail","6":"product_cat-fuer-kinder","7":"product_cat-baby-chalkboards","8":"product_cat-geburt","9":"product_tag-baby-chalkboard","10":"product_tag-babyposter","11":"product_tag-meilensteintafel","12":"product_tag-whiteboard","13":"product_tag-zwillinge","14":"product_shipping_class-paket-bis-5kg","15":"tm-has-options","17":"first","18":"instock","19":"taxable","20":"shipping-taxable","21":"purchasable","22":"product-type-variable"},"_links":{"self":[{"href":"https:\/\/chalkboards.de\/index.php\/wp-json\/wp\/v2\/product\/9771"}],"collection":[{"href":"https:\/\/chalkboards.de\/index.php\/wp-json\/wp\/v2\/product"}],"about":[{"href":"https:\/\/chalkboards.de\/index.php\/wp-json\/wp\/v2\/types\/product"}],"replies":[{"embeddable":true,"href":"https:\/\/chalkboards.de\/index.php\/wp-json\/wp\/v2\/comments?post=9771"}],"wp:featuredmedia":[{"embeddable":true,"href":"https:\/\/chalkboards.de\/index.php\/wp-json\/wp\/v2\/media\/9757"}],"wp:attachment":[{"href":"https:\/\/chalkboards.de\/index.php\/wp-json\/wp\/v2\/media?parent=9771"}],"wp:term":[{"taxonomy":"product_cat","embeddable":true,"href":"https:\/\/chalkboards.de\/index.php\/wp-json\/wp\/v2\/product_cat?post=9771"},{"taxonomy":"product_tag","embeddable":true,"href":"https:\/\/chalkboards.de\/index.php\/wp-json\/wp\/v2\/product_tag?post=9771"}],"curies":[{"name":"wp","href":"https:\/\/api.w.org\/{rel}","templated":true}]}}