{"id":9854,"date":"2023-09-20T22:41:38","date_gmt":"2023-09-20T20:41:38","guid":{"rendered":"https:\/\/chalkboards.de\/?post_type=product&#038;p=9854"},"modified":"2026-01-02T13:13:49","modified_gmt":"2026-01-02T12:13:49","slug":"geschenk-zum-muttertag-personalisiertes-poster","status":"publish","type":"product","link":"https:\/\/chalkboards.de\/index.php\/produkt\/geschenk-zum-muttertag-personalisiertes-poster\/","title":{"rendered":"Geschenk zum Muttertag &#8211; Personalisiertes Poster"},"content":{"rendered":"<p><span style=\"color: #9c8f6d; text-transform: uppercase; font-weight: bold;\">Personalisiertes Geschenk zum Muttertag<\/span><\/p>\n<p>F\u00fcr die beste Mama der Welt \u2665 Kombiniere die Blumen mit pers\u00f6nlichen Worten! Es gibt so viele Wege, um Danke zu sagen, f\u00fcr all die kleinen und gro\u00dfen Dinge, die unsere M\u00fctter f\u00fcr uns leisten. Dieses sch\u00f6ne Geschenk zum Muttertag wird von mir personalisiert und ist als fertig gedruckter Print (per Post) oder als digitale Datei (per E-Mail) erh\u00e4ltlich.<\/p>\n<p>F\u00fcr die Personalisierung ben\u00f6tige ich lediglich Deinen Vornamen (und ggf. der Mitschenker).<\/p>\n<hr \/>\n<style type=\"text\/css\">\r\n\t#foogallery-gallery-9871 .fg-image {\r\n        width: 160px;\r\n    }\r\n<\/style>\r\n\t\t\t\t<div class=\"foogallery foogallery-container foogallery-default foogallery-lightbox-foogallery fg-gutter-10 fg-center fg-default fg-light fg-border-thin fg-shadow-outline fg-loading-default fg-loaded-fade-in fg-caption-hover fg-hover-fade fg-hover-zoom fg-ready\" id=\"foogallery-gallery-9871\" data-foogallery=\"{&quot;item&quot;:{&quot;showCaptionTitle&quot;:true,&quot;showCaptionDescription&quot;:true},&quot;lazy&quot;:true}\" data-foogallery-lightbox=\"{&quot;thumbs&quot;:&quot;bottom&quot;,&quot;thumbsCaptions&quot;:false,&quot;thumbsBestFit&quot;:false,&quot;thumbsSmall&quot;:false,&quot;thumbsCaptionsAlign&quot;:&quot;default&quot;,&quot;info&quot;:&quot;bottom&quot;,&quot;infoVisible&quot;:true,&quot;infoOverlay&quot;:true,&quot;infoAlign&quot;:&quot;default&quot;,&quot;transition&quot;:&quot;fade&quot;,&quot;hoverButtons&quot;:false,&quot;fitMedia&quot;:false,&quot;noScrollbars&quot;:true,&quot;preserveButtonSpace&quot;:true,&quot;buttons&quot;:{&quot;fullscreen&quot;:true,&quot;info&quot;:true,&quot;thumbs&quot;:false},&quot;video&quot;:{&quot;autoPlay&quot;:true}}\" >\r\n\t<div class=\"fg-item fg-type-image fg-idle\"><figure class=\"fg-item-inner\"><a href=\"https:\/\/chalkboards.de\/wp-content\/uploads\/2023\/09\/Muttertag_Mutter-Tochter1.webp\" data-attachment-id=\"9869\" data-type=\"image\" class=\"fg-thumb\"><span class=\"fg-image-wrap\"><img decoding=\"async\" alt=\"Geschenk zum Muttertag Poster Mutter Tochter personalisiert\" width=\"160\" height=\"160\" class=\"skip-lazy fg-image\" data-src-fg=\"https:\/\/chalkboards.de\/wp-content\/uploads\/cache\/2023\/09\/Muttertag_Mutter-Tochter1\/3465396435.webp\" src=\"data:image\/svg+xml,%3Csvg%20xmlns%3D%22http%3A%2F%2Fwww.w3.org%2F2000%2Fsvg%22%20width%3D%22160%22%20height%3D%22160%22%20viewBox%3D%220%200%20160%20160%22%3E%3C%2Fsvg%3E\" loading=\"eager\"><\/span><span class=\"fg-image-overlay\"><\/span><\/a><figcaption class=\"fg-caption\"><div class=\"fg-caption-inner\"><\/div><\/figcaption><\/figure><div class=\"fg-loader\"><\/div><\/div><div class=\"fg-item fg-type-image fg-idle\"><figure class=\"fg-item-inner\"><a href=\"https:\/\/chalkboards.de\/wp-content\/uploads\/2023\/09\/Muttertag_Mutter-Tochter.webp\" data-attachment-id=\"9868\" data-type=\"image\" class=\"fg-thumb\"><span class=\"fg-image-wrap\"><img decoding=\"async\" alt=\"Geschenk zum Muttertag Poster Mutter Tochter personalisiert\" width=\"160\" height=\"160\" class=\"skip-lazy fg-image\" data-src-fg=\"https:\/\/chalkboards.de\/wp-content\/uploads\/cache\/2023\/09\/Muttertag_Mutter-Tochter\/1096924823.webp\" src=\"data:image\/svg+xml,%3Csvg%20xmlns%3D%22http%3A%2F%2Fwww.w3.org%2F2000%2Fsvg%22%20width%3D%22160%22%20height%3D%22160%22%20viewBox%3D%220%200%20160%20160%22%3E%3C%2Fsvg%3E\" loading=\"eager\"><\/span><span class=\"fg-image-overlay\"><\/span><\/a><figcaption class=\"fg-caption\"><div class=\"fg-caption-inner\"><\/div><\/figcaption><\/figure><div class=\"fg-loader\"><\/div><\/div><div class=\"fg-item fg-type-image fg-idle\"><figure class=\"fg-item-inner\"><a href=\"https:\/\/chalkboards.de\/wp-content\/uploads\/2023\/09\/Muttertag_Mutter-Tochter2.webp\" data-attachment-id=\"9867\" data-type=\"image\" class=\"fg-thumb\"><span class=\"fg-image-wrap\"><img decoding=\"async\" alt=\"Geschenk zum Muttertag Poster Mutter Tochter\" width=\"160\" height=\"160\" class=\"skip-lazy fg-image\" data-src-fg=\"https:\/\/chalkboards.de\/wp-content\/uploads\/cache\/2023\/09\/Muttertag_Mutter-Tochter2\/3601043611.webp\" src=\"data:image\/svg+xml,%3Csvg%20xmlns%3D%22http%3A%2F%2Fwww.w3.org%2F2000%2Fsvg%22%20width%3D%22160%22%20height%3D%22160%22%20viewBox%3D%220%200%20160%20160%22%3E%3C%2Fsvg%3E\" loading=\"eager\"><\/span><span class=\"fg-image-overlay\"><\/span><\/a><figcaption class=\"fg-caption\"><div class=\"fg-caption-inner\"><\/div><\/figcaption><\/figure><div class=\"fg-loader\"><\/div><\/div><\/div>\r\n\n<hr \/>\n<p><strong>FOLGENDE ANPASSUNGEN SIND M\u00d6GLICH:<\/strong><\/p>\n<ul>\n<li style=\"list-style-type: none;\">\n<ul>\n<li>Auf Wunsch kann ein Teil des Textes mit Farb-Highlights versehen werden (ohne Aufpreis). Bitte hinterlasse Deinen Farbwunsch bei der Bestellung.<\/li>\n<li>Auf Wunsch kann anstelle der vorhandenen Grafik ein pers\u00f6nliches Bild eingef\u00fcgt werden (je nach Aufwand, ggf. gegen Aufpreis)<\/li>\n<li>Layout\u00e4nderungen sind auf Anfrage m\u00f6glich (je nach Aufwand, ggf. gegen Aufpreis). Damit ich den Aufwand besser einsch\u00e4tzen kann, frage dies bitte vor Deiner Bestellung an.<\/li>\n<\/ul>\n<\/li>\n<\/ul>\n<p>Sollten mehr \u00c4nderungen als die Personalisierung Deines Namens anfallen, bekommst Du selbstverst\u00e4ndlich einen Entwurf vorab zugeschickt. Erst nach Deiner Freigabe geht der Auftrag an de Druckerei, bzw. sende ich Dir die druckfertige Datei per E-Mail.<\/p>\n<p><strong>DRUCKMATERIAL &amp; FORMATE:<\/strong><\/p>\n<ul>\n<li style=\"list-style-type: none;\">\n<ul style=\"list-style-position: outside;\">\n<li><strong>230g Premiumpapier matt (A4, A3, A2)<\/strong><br \/>\nExklusives und hochwertiges Premiumpapier (extrem mattes Finish, sehr edel und beste Farbwiedergabe)<\/li>\n<li><strong>250g Standard Bilderdruckpapier (A2)<\/strong><br \/>\nQualit\u00e4tsdruck auf 250g Bilderdruckpapier\/matt. Durch die Papierbeschaffenheit ist ein leichter Oberfl\u00e4chenglanz vorhanden. F\u00fcr eine extra matte Oberfl\u00e4che empfehlen wir unser exklusives 230 g Premiumpapier.<\/li>\n<\/ul>\n<\/li>\n<\/ul>\n<p>Sondermaterialien (z.B. Alu-Dibond, Acryl) sind auf Anfrage und gegen Aufpreis m\u00f6glich.<\/p>\n<p><strong>BITTE BEACHTE NOCH FOLGENDES:<\/strong><\/p>\n<ul>\n<li style=\"list-style-type: none;\">\n<ul style=\"list-style-position: outside;\">\n<li>Digitale Produkte werden standardm\u00e4\u00dfig per E-Mail im pdf-Format verschickt. Solltest Du stattdessen die .jpg-Version ben\u00f6tigen, hinterlasse bitte einen entsprechenden Hinweis im Notizfeld an der Kasse.<\/li>\n<li>Je nach Bildschirmdarstellung k\u00f6nnen die Farben leicht voneinander abweichen.<\/li>\n<li>Rahmen bzw. Posterleisten werden bei den Prints nicht mitgeliefert. Die Lieferung beinhaltet lediglich das gedruckte Produkt.<\/li>\n<\/ul>\n<\/li>\n<\/ul>\n<p><span style=\"color: #9c8f6d; text-transform: uppercase; font-weight: bold;\">Preis\u00fcbersicht Muttertag:<\/span><\/p>\n<p>Hochaufl\u00f6sendes Digital-PDF zum selber ausdrucken &#8211; ab 7,90 \u20ac<br \/>\nPrint DIN A4 &#8211; ab 22,90 \u20ac<br \/>\nPrint DIN A3 &#8211; ab 25,90 \u20ac<br \/>\nPrint DIN A2 &#8211; ab 31,90 \u20ac<\/p>\n<p>Preise inkl. ges. MwSt. \/ Prints zzgl. Versandkosten<\/p>\n","protected":false},"excerpt":{"rendered":"<p>&nbsp;<\/p>\n[av_font_icon icon='ue808' font='entypo-fontello' style='' caption='' link='' linktarget='' size='20px' position='left' color='' admin_preview_bg=''][\/av_font_icon]\n<p>Poster zum Muttertag \/ Geschenk | personalisiert<\/p>\n","protected":false},"featured_media":9867,"comment_status":"open","ping_status":"closed","template":"","meta":{"_monsterinsights_skip_tracking":false,"_monsterinsights_sitenote_active":false,"_monsterinsights_sitenote_note":"","_monsterinsights_sitenote_category":0},"product_cat":[222],"product_tag":[224,223],"class_list":{"0":"post-9854","1":"product","2":"type-product","3":"status-publish","4":"has-post-thumbnail","6":"product_cat-muttertag-vatertag","7":"product_tag-geschenk-zum-muttertag","8":"product_tag-muttertag","9":"product_shipping_class-paket-bis-5kg","10":"tm-has-options","12":"first","13":"instock","14":"featured","15":"taxable","16":"shipping-taxable","17":"purchasable","18":"product-type-variable"},"_links":{"self":[{"href":"https:\/\/chalkboards.de\/index.php\/wp-json\/wp\/v2\/product\/9854"}],"collection":[{"href":"https:\/\/chalkboards.de\/index.php\/wp-json\/wp\/v2\/product"}],"about":[{"href":"https:\/\/chalkboards.de\/index.php\/wp-json\/wp\/v2\/types\/product"}],"replies":[{"embeddable":true,"href":"https:\/\/chalkboards.de\/index.php\/wp-json\/wp\/v2\/comments?post=9854"}],"wp:featuredmedia":[{"embeddable":true,"href":"https:\/\/chalkboards.de\/index.php\/wp-json\/wp\/v2\/media\/9867"}],"wp:attachment":[{"href":"https:\/\/chalkboards.de\/index.php\/wp-json\/wp\/v2\/media?parent=9854"}],"wp:term":[{"taxonomy":"product_cat","embeddable":true,"href":"https:\/\/chalkboards.de\/index.php\/wp-json\/wp\/v2\/product_cat?post=9854"},{"taxonomy":"product_tag","embeddable":true,"href":"https:\/\/chalkboards.de\/index.php\/wp-json\/wp\/v2\/product_tag?post=9854"}],"curies":[{"name":"wp","href":"https:\/\/api.w.org\/{rel}","templated":true}]}}